{"id":1456,"date":"2024-11-29T13:52:56","date_gmt":"2024-11-29T18:52:56","guid":{"rendered":"https:\/\/fcpchealth.com\/?page_id=1456"},"modified":"2025-01-27T15:30:07","modified_gmt":"2025-01-27T20:30:07","slug":"board-of-directors","status":"publish","type":"page","link":"https:\/\/fcpchealth.com\/es\/about-us\/board-of-directors\/","title":{"rendered":"Junta Directiva"},"content":{"rendered":"<div data-elementor-type=\"wp-page\" data-elementor-id=\"1456\" class=\"elementor elementor-1456\" data-elementor-post-type=\"page\">\n\t\t\t\t<div class=\"elementor-element elementor-element-eac6064 e-flex e-con-boxed e-con e-parent\" data-id=\"eac6064\" data-element_type=\"container\">\n\t\t\t\t\t<div class=\"e-con-inner\">\n\t\t\t\t<div class=\"elementor-element elementor-element-3749209 page_main_head elementor-widget elementor-widget-heading\" data-id=\"3749209\" data-element_type=\"widget\" data-widget_type=\"heading.default\">\n\t\t\t\t<div class=\"elementor-widget-container\">\n\t\t\t<h1 class=\"elementor-heading-title elementor-size-default\">Tabla de <span>Directores<\/span><\/h1>\t\t<\/div>\n\t\t\t\t<\/div>\n\t\t\t\t\t<\/div>\n\t\t\t\t<\/div>\n\t\t<div class=\"elementor-element elementor-element-c3390b1 e-flex e-con-boxed e-con e-parent\" data-id=\"c3390b1\" data-element_type=\"container\">\n\t\t\t\t\t<div class=\"e-con-inner\">\n\t\t<div class=\"elementor-element elementor-element-54befe8 e-con-full e-flex e-con e-child\" data-id=\"54befe8\" data-element_type=\"container\">\n\t\t\t\t<div class=\"elementor-element elementor-element-0b08d1d elementor-widget elementor-widget-text-editor\" data-id=\"0b08d1d\" data-element_type=\"widget\" data-widget_type=\"text-editor.default\">\n\t\t\t\t<div class=\"elementor-widget-container\">\n\t\t\t\t\t\t\tFederally Qualified Health Centers (FQHC), tambi\u00e9n conocidos como centros de salud comunitarios, es que la junta directiva est\u00e1 impulsada por el consumidor. Esto significa que la mayor\u00eda de los miembros de la Junta son tambi\u00e9n pacientes del Centro.\t\t\t\t\t\t<\/div>\n\t\t\t\t<\/div>\n\t\t\t\t<div class=\"elementor-element elementor-element-2fa0936 elementor-widget elementor-widget-text-editor\" data-id=\"2fa0936\" data-element_type=\"widget\" data-widget_type=\"text-editor.default\">\n\t\t\t\t<div class=\"elementor-widget-container\">\n\t\t\t\t\t\t\tLa junta directiva de Four Corners Primary Care Centers ha elegido <b>Dr. Vanessa Robinson-Dooley<\/b> como Presidente de la Junta Directiva a partir del 18 de junio de 2024.\t\t\t\t\t\t<\/div>\n\t\t\t\t<\/div>\n\t\t\t\t<div class=\"elementor-element elementor-element-7ca0ff9 elementor-widget elementor-widget-text-editor\" data-id=\"7ca0ff9\" data-element_type=\"widget\" data-widget_type=\"text-editor.default\">\n\t\t\t\t<div class=\"elementor-widget-container\">\n\t\t\t\t\t\t\tLa amplia experiencia del Dr. Robinson-Dooley trabajando en numerosas \u00e1reas ayudar\u00e1 a FCPC a promover nuestra visi\u00f3n y misi\u00f3n de servir a nuestra comunidad buscando satisfacer las necesidades de atenci\u00f3n m\u00e9dica primaria y preventiva de las personas m\u00e9dicamente desatendidas al brindarles calidad, asequible y accesible desde el punto de vista cultural. atenci\u00f3n m\u00e9dica y servicios de apoyo, independientemente de su capacidad de pago, raza, religi\u00f3n u otras barreras.\t\t\t\t\t\t<\/div>\n\t\t\t\t<\/div>\n\t\t\t\t<div class=\"elementor-element elementor-element-fdebb54 elementor-widget elementor-widget-text-editor\" data-id=\"fdebb54\" data-element_type=\"widget\" data-widget_type=\"text-editor.default\">\n\t\t\t\t<div class=\"elementor-widget-container\">\n\t\t\t\t\t\t\tElegidos por su experiencia \u00fanica y variada, combinada con su compromiso desinteresado para lograr nuestra misi\u00f3n, los miembros de la junta directiva brindar\u00e1n orientaci\u00f3n estrat\u00e9gica y gobernanza general a Four Corners Primary Care Centers.\t\t\t\t\t\t<\/div>\n\t\t\t\t<\/div>\n\t\t\t\t<div class=\"elementor-element elementor-element-7d81e19 elementor-icon-list--layout-traditional elementor-list-item-link-full_width elementor-widget elementor-widget-icon-list\" data-id=\"7d81e19\" data-element_type=\"widget\" data-widget_type=\"icon-list.default\">\n\t\t\t\t<div class=\"elementor-widget-container\">\n\t\t\t\t\t<ul class=\"elementor-icon-list-items\">\n\t\t\t\t\t\t\t<li class=\"elementor-icon-list-item\">\n\t\t\t\t\t\t\t\t\t\t<span class=\"elementor-icon-list-text\">Vanessa Robinson-Dooley, PhD, Presidenta de la Junta<\/span>\n\t\t\t\t\t\t\t\t\t<\/li>\n\t\t\t\t\t\t\t\t<li class=\"elementor-icon-list-item\">\n\t\t\t\t\t\t\t\t\t\t<span class=\"elementor-icon-list-text\">Pastora Julie A Crosby, Secretaria de la Junta<\/span>\n\t\t\t\t\t\t\t\t\t<\/li>\n\t\t\t\t\t\t\t\t<li class=\"elementor-icon-list-item\">\n\t\t\t\t\t\t\t\t\t\t<span class=\"elementor-icon-list-text\">Dra. \u00c1ngela Farris Watkins<\/span>\n\t\t\t\t\t\t\t\t\t<\/li>\n\t\t\t\t\t\t\t\t<li class=\"elementor-icon-list-item\">\n\t\t\t\t\t\t\t\t\t\t<span class=\"elementor-icon-list-text\">George Treamon Andrews<\/span>\n\t\t\t\t\t\t\t\t\t<\/li>\n\t\t\t\t\t\t\t\t<li class=\"elementor-icon-list-item\">\n\t\t\t\t\t\t\t\t\t\t<span class=\"elementor-icon-list-text\">Balarami Valluru<\/span>\n\t\t\t\t\t\t\t\t\t<\/li>\n\t\t\t\t\t\t\t\t<li class=\"elementor-icon-list-item\">\n\t\t\t\t\t\t\t\t\t\t<span class=\"elementor-icon-list-text\">Antonio Qui\u00f1ones<\/span>\n\t\t\t\t\t\t\t\t\t<\/li>\n\t\t\t\t\t\t\t\t<li class=\"elementor-icon-list-item\">\n\t\t\t\t\t\t\t\t\t\t<span class=\"elementor-icon-list-text\">Garry O. Pressley<\/span>\n\t\t\t\t\t\t\t\t\t<\/li>\n\t\t\t\t\t\t\t\t<li class=\"elementor-icon-list-item\">\n\t\t\t\t\t\t\t\t\t\t<span class=\"elementor-icon-list-text\">Matthew Peterson<\/span>\n\t\t\t\t\t\t\t\t\t<\/li>\n\t\t\t\t\t\t\t\t<li class=\"elementor-icon-list-item\">\n\t\t\t\t\t\t\t\t\t\t<span class=\"elementor-icon-list-text\">Samuel Donwell<\/span>\n\t\t\t\t\t\t\t\t\t<\/li>\n\t\t\t\t\t\t<\/ul>\n\t\t\t\t<\/div>\n\t\t\t\t<\/div>\n\t\t\t\t<\/div>\n\t\t<div class=\"elementor-element elementor-element-5287ad8 e-con-full e-flex e-con e-child\" data-id=\"5287ad8\" data-element_type=\"container\">\n\t\t\t\t<div class=\"elementor-element elementor-element-e35d671 elementor-widget elementor-widget-shortcode\" data-id=\"e35d671\" data-element_type=\"widget\" data-widget_type=\"shortcode.default\">\n\t\t\t\t<div class=\"elementor-widget-container\">\n\t\t\t\t\t<div class=\"elementor-shortcode\">\t\t<div data-elementor-type=\"page\" data-elementor-id=\"1443\" class=\"elementor elementor-1443\" data-elementor-post-type=\"elementor_library\">\n\t\t\t\t<div class=\"elementor-element elementor-element-a7d310e e-flex e-con-boxed e-con e-parent\" data-id=\"a7d310e\" data-element_type=\"container\">\n\t\t\t\t\t<div class=\"e-con-inner\">\n\t\t\t\t<div class=\"elementor-element elementor-element-6795089 elementor-widget elementor-widget-wp-widget-appointment_widget\" data-id=\"6795089\" data-element_type=\"widget\" data-widget_type=\"wp-widget-appointment_widget.default\">\n\t\t\t\t<div class=\"elementor-widget-container\">\n\t\t\t                   \r\n            <div class=\"appointment\">\r\n                    <div class=\"header\">\r\n                            <h2>Cont\u00e1ctanos<\/h2>\r\n                            <h3 class=\"number\">(770) 806-2928<\/h3>\r\n                            <span class=\"or\">OR<\/span>\r\n                    <\/div>\r\n                    <form action=\"https:\/\/fcpchealth.com\/wp-admin\/admin-ajax.php\" id=\"appoint-form\" method=\"post\">\r\n                            <p>\r\n                                <label class=\"display-ie8\" for=\"apo_name\">Full Name<\/label>\r\n                                <input type=\"text\" name=\"apo_name\" class=\"required\" id=\"apo_name\" placeholder=\"Full Name\" title=\"* Please enter your Full Name\" \/>\r\n                            <\/p>\r\n                            <p>\r\n                                <label class=\"display-ie8\" for=\"apo_phone\">Phone Number<\/label>\r\n                                <input type=\"text\" name=\"apo_phone\" class=\"required\" id=\"apo_phone\" placeholder=\"Phone Number\" title=\"* Please enter your Phone Number\" \/>\r\n\t\t\t\t\t\t\t<\/p>\r\n                            <p>\r\n                                <label class=\"display-ie8\" for=\"apo_email\">Email Address<\/label>\r\n                                <input  type=\"text\" name=\"apo_email\"  class=\"email required\" id=\"apo_email\" placeholder=\"Email Address\" title=\"* Please enter valid Email Address\" \/>\r\n                            <\/p>\r\n                            <p>\r\n                                <label class=\"display-ie8\" for=\"apo_date\">Appointment Date<\/label>\r\n                                <input type=\"text\" name=\"apo_date\" class=\"required\" id=\"apo_date\" placeholder=\"Appointment Date\" title=\"* Please select desired appointment date\" \/>\r\n                            <\/p>\r\n                            <p>\r\n                                <label class=\"display-ie8\" for=\"apo_date\">Message<\/label>\r\n                                <textarea name=\"message\" class=\"message required\" cols=\"30\" rows=\"5\"  maxlength=\"250\" placeholder=\"Message\" title=\"* Please enter your message\"><\/textarea>\r\n\t\t\t\t\t\t\t<\/p>\r\n\r\n                                                            <div class=\"captcha-container\">\r\n                                    <img decoding=\"async\" id=\"captch-img\" src=\"https:\/\/fcpchealth.com\/wp-content\/themes\/healthpress-theme\/captcha\/appointment_captcha.php\" alt=\"\"\/>\r\n                                    <input type=\"text\" class=\"captcha required\" name=\"captcha\" maxlength=\"5\" title=\"* Please enter the code characters displayed in image!\"\/>\r\n                                <\/div>\r\n                                \t\t\t\t\t\t\t\r\n\t\t\t\t\t\t\t<p>\t\t\t\t\t\t\t\t\t\t\t\t\t\t\t\r\n                                <input type=\"submit\" value=\"Submit Request\" id=\"apo-submit\" class=\"readmore\">\r\n                                <input type=\"hidden\" name=\"action\" value=\"request_appointment\" \/>\r\n                                <input type=\"hidden\" name=\"target\" value=\"&#118;pa&#108;&#111;m&#105;&#110;&#111;&#64;f&#99;&#112;ch&#101;al&#116;&#104;.or&#103;\" \/>\r\n                                <input type=\"hidden\" name=\"nonce\" value=\"e74600f1bd\"\/>\r\n                                <img decoding=\"async\" src=\"https:\/\/fcpchealth.com\/wp-content\/themes\/healthpress-theme\/images\/loading.gif\" id=\"apo-loader\" alt=\"Loader\" \/>\r\n                            <\/p>\r\n                            <p id=\"apo-message-sent\"><\/p>\r\n                            <div class=\"error-container\"><\/div>\r\n\r\n                    <\/form>\r\n            <\/div>                          \r\n            \t\t<\/div>\n\t\t\t\t<\/div>\n\t\t\t\t\t<\/div>\n\t\t\t\t<\/div>\n\t\t<div class=\"elementor-element elementor-element-5a3640b e-flex e-con-boxed e-con e-parent\" data-id=\"5a3640b\" data-element_type=\"container\">\n\t\t\t\t\t<div class=\"e-con-inner\">\n\t\t\t\t<div class=\"elementor-element elementor-element-27453cb elementor-widget elementor-widget-heading\" data-id=\"27453cb\" data-element_type=\"widget\" data-widget_type=\"heading.default\">\n\t\t\t\t<div class=\"elementor-widget-container\">\n\t\t\t<h4 class=\"elementor-heading-title elementor-size-default\">Privacy Statement:<\/h4>\t\t<\/div>\n\t\t\t\t<\/div>\n\t\t\t\t<div class=\"elementor-element elementor-element-e115779 elementor-widget elementor-widget-text-editor\" data-id=\"e115779\" data-element_type=\"widget\" data-widget_type=\"text-editor.default\">\n\t\t\t\t<div class=\"elementor-widget-container\">\n\t\t\t\t\t\t\tAl proporcionar mi n\u00famero de tel\u00e9fono a Four Corners Primary Care Centers, Inc., acepto y reconozco que Four Corners Primary Care Centers, Inc. puede enviar mensajes de texto a mi n\u00famero de tel\u00e9fono inal\u00e1mbrico para cualquier prop\u00f3sito. Es posible que se apliquen tarifas de mensajes y datos. La frecuencia de los mensajes variar\u00e1 y puede cancelar su suscripci\u00f3n respondiendo \"DETENER\". No se compartir\u00e1 ninguna informaci\u00f3n m\u00f3vil con terceros\/afiliados con fines de marketing\/promoci\u00f3n.\t\t\t\t\t\t<\/div>\n\t\t\t\t<\/div>\n\t\t\t\t\t<\/div>\n\t\t\t\t<\/div>\n\t\t\t\t<\/div>\n\t\t<\/div>\n\t\t\t\t<\/div>\n\t\t\t\t<\/div>\n\t\t\t\t<\/div>\n\t\t\t\t\t<\/div>\n\t\t\t\t<\/div>\n\t\t\t\t<\/div>","protected":false},"excerpt":{"rendered":"<p>Board of Directors Unique to Federally Qualified Health Centers (FQHCs), also known as community health centers, is that the Board of Directors is consumer driven. This means that the majority of the Board members are also patients of the Center.Four Corners Primary Care Centers\u2019 Board of Directors has elected Dr. Vanessa Robinson-Dooley as the Chair [&hellip;]<\/p>","protected":false},"author":6,"featured_media":0,"parent":336,"menu_order":0,"comment_status":"closed","ping_status":"closed","template":"elementor_header_footer","meta":{"footnotes":""},"class_list":["post-1456","page","type-page","status-publish","hentry"],"acf":[],"aioseo_notices":[],"_links":{"self":[{"href":"https:\/\/fcpchealth.com\/es\/wp-json\/wp\/v2\/pages\/1456","targetHints":{"allow":["GET"]}}],"collection":[{"href":"https:\/\/fcpchealth.com\/es\/wp-json\/wp\/v2\/pages"}],"about":[{"href":"https:\/\/fcpchealth.com\/es\/wp-json\/wp\/v2\/types\/page"}],"author":[{"embeddable":true,"href":"https:\/\/fcpchealth.com\/es\/wp-json\/wp\/v2\/users\/6"}],"replies":[{"embeddable":true,"href":"https:\/\/fcpchealth.com\/es\/wp-json\/wp\/v2\/comments?post=1456"}],"version-history":[{"count":16,"href":"https:\/\/fcpchealth.com\/es\/wp-json\/wp\/v2\/pages\/1456\/revisions"}],"predecessor-version":[{"id":1968,"href":"https:\/\/fcpchealth.com\/es\/wp-json\/wp\/v2\/pages\/1456\/revisions\/1968"}],"up":[{"embeddable":true,"href":"https:\/\/fcpchealth.com\/es\/wp-json\/wp\/v2\/pages\/336"}],"wp:attachment":[{"href":"https:\/\/fcpchealth.com\/es\/wp-json\/wp\/v2\/media?parent=1456"}],"curies":[{"name":"wp","href":"https:\/\/api.w.org\/{rel}","templated":true}]}}