{"id":1473,"date":"2025-01-27T15:45:06","date_gmt":"2025-01-27T20:45:06","guid":{"rendered":"https:\/\/fcpchealth.com\/?page_id=1473"},"modified":"2025-10-02T14:36:22","modified_gmt":"2025-10-02T18:36:22","slug":"services","status":"publish","type":"page","link":"https:\/\/fcpchealth.com\/es\/services\/","title":{"rendered":"services"},"content":{"rendered":"<div data-elementor-type=\"wp-page\" data-elementor-id=\"1473\" class=\"elementor elementor-1473\" data-elementor-post-type=\"page\">\n\t\t\t\t<div class=\"elementor-element elementor-element-eac6064 e-flex e-con-boxed e-con e-parent\" data-id=\"eac6064\" data-element_type=\"container\">\n\t\t\t\t\t<div class=\"e-con-inner\">\n\t\t\t\t<div class=\"elementor-element elementor-element-3749209 page_main_head elementor-widget elementor-widget-heading\" data-id=\"3749209\" data-element_type=\"widget\" data-widget_type=\"heading.default\">\n\t\t\t\t<div class=\"elementor-widget-container\">\n\t\t\t<h1 class=\"elementor-heading-title elementor-size-default\">Nuestros <span>Servicios<\/span><\/h1>\t\t<\/div>\n\t\t\t\t<\/div>\n\t\t\t\t\t<\/div>\n\t\t\t\t<\/div>\n\t\t<div class=\"elementor-element elementor-element-c3390b1 e-flex e-con-boxed e-con e-parent\" data-id=\"c3390b1\" data-element_type=\"container\">\n\t\t\t\t\t<div class=\"e-con-inner\">\n\t\t<div class=\"elementor-element elementor-element-54befe8 e-con-full e-flex e-con e-child\" data-id=\"54befe8\" data-element_type=\"container\">\n\t\t\t\t<div class=\"elementor-element elementor-element-0b08d1d elementor-widget elementor-widget-text-editor\" data-id=\"0b08d1d\" data-element_type=\"widget\" data-widget_type=\"text-editor.default\">\n\t\t\t\t<div class=\"elementor-widget-container\">\n\t\t\t\t\t\t\t<p>Four Corners Primary Care Centers, is a convenient solution for your family\u2019s health care needs. We provide affordable, quality, accessible health care for the entire family: Infants and Toddlers, Children, Adolescents, Young Adults, Adults, and seniors.<\/p>\t\t\t\t\t\t<\/div>\n\t\t\t\t<\/div>\n\t\t\t\t<div class=\"elementor-element elementor-element-2fa0936 elementor-widget elementor-widget-text-editor\" data-id=\"2fa0936\" data-element_type=\"widget\" data-widget_type=\"text-editor.default\">\n\t\t\t\t<div class=\"elementor-widget-container\">\n\t\t\t\t\t\t\t<p>Our professional multilingual staff strives for excellence in delivering services. We are committed to providing comprehensive medical care in the professional and compassionate way that you deserve.<\/p>\t\t\t\t\t\t<\/div>\n\t\t\t\t<\/div>\n\t\t\t\t<\/div>\n\t\t<div class=\"elementor-element elementor-element-5287ad8 e-con-full e-flex e-con e-child\" data-id=\"5287ad8\" data-element_type=\"container\">\n\t\t\t\t<div class=\"elementor-element elementor-element-e35d671 elementor-widget elementor-widget-shortcode\" data-id=\"e35d671\" data-element_type=\"widget\" data-widget_type=\"shortcode.default\">\n\t\t\t\t<div class=\"elementor-widget-container\">\n\t\t\t\t\t<div class=\"elementor-shortcode\">\t\t<div data-elementor-type=\"page\" data-elementor-id=\"1443\" class=\"elementor elementor-1443\" data-elementor-post-type=\"elementor_library\">\n\t\t\t\t<div class=\"elementor-element elementor-element-a7d310e e-flex e-con-boxed e-con e-parent\" data-id=\"a7d310e\" data-element_type=\"container\">\n\t\t\t\t\t<div class=\"e-con-inner\">\n\t\t\t\t<div class=\"elementor-element elementor-element-6795089 elementor-widget elementor-widget-wp-widget-appointment_widget\" data-id=\"6795089\" data-element_type=\"widget\" data-widget_type=\"wp-widget-appointment_widget.default\">\n\t\t\t\t<div class=\"elementor-widget-container\">\n\t\t\t                   \r\n            <div class=\"appointment\">\r\n                    <div class=\"header\">\r\n                            <h2>Cont\u00e1ctanos<\/h2>\r\n                            <h3 class=\"number\">(770) 806-2928<\/h3>\r\n                            <span class=\"or\">OR<\/span>\r\n                    <\/div>\r\n                    <form action=\"https:\/\/fcpchealth.com\/wp-admin\/admin-ajax.php\" id=\"appoint-form\" method=\"post\">\r\n                            <p>\r\n                                <label class=\"display-ie8\" for=\"apo_name\">Full Name<\/label>\r\n                                <input type=\"text\" name=\"apo_name\" class=\"required\" id=\"apo_name\" placeholder=\"Full Name\" title=\"* Please enter your Full Name\" \/>\r\n                            <\/p>\r\n                            <p>\r\n                                <label class=\"display-ie8\" for=\"apo_phone\">Phone Number<\/label>\r\n                                <input type=\"text\" name=\"apo_phone\" class=\"required\" id=\"apo_phone\" placeholder=\"Phone Number\" title=\"* Please enter your Phone Number\" \/>\r\n\t\t\t\t\t\t\t<\/p>\r\n                            <p>\r\n                                <label class=\"display-ie8\" for=\"apo_email\">Email Address<\/label>\r\n                                <input  type=\"text\" name=\"apo_email\"  class=\"email required\" id=\"apo_email\" placeholder=\"Email Address\" title=\"* Please enter valid Email Address\" \/>\r\n                            <\/p>\r\n                            <p>\r\n                                <label class=\"display-ie8\" for=\"apo_date\">Appointment Date<\/label>\r\n                                <input type=\"text\" name=\"apo_date\" class=\"required\" id=\"apo_date\" placeholder=\"Appointment Date\" title=\"* Please select desired appointment date\" \/>\r\n                            <\/p>\r\n                            <p>\r\n                                <label class=\"display-ie8\" for=\"apo_date\">Message<\/label>\r\n                                <textarea name=\"message\" class=\"message required\" cols=\"30\" rows=\"5\"  maxlength=\"250\" placeholder=\"Message\" title=\"* Please enter your message\"><\/textarea>\r\n\t\t\t\t\t\t\t<\/p>\r\n\r\n                                                            <div class=\"captcha-container\">\r\n                                    <img decoding=\"async\" id=\"captch-img\" src=\"https:\/\/fcpchealth.com\/wp-content\/themes\/healthpress-theme\/captcha\/appointment_captcha.php\" alt=\"\"\/>\r\n                                    <input type=\"text\" class=\"captcha required\" name=\"captcha\" maxlength=\"5\" title=\"* Please enter the code characters displayed in image!\"\/>\r\n                                <\/div>\r\n                                \t\t\t\t\t\t\t\r\n\t\t\t\t\t\t\t<p>\t\t\t\t\t\t\t\t\t\t\t\t\t\t\t\r\n                                <input type=\"submit\" value=\"Submit Request\" id=\"apo-submit\" class=\"readmore\">\r\n                                <input type=\"hidden\" name=\"action\" value=\"request_appointment\" \/>\r\n                                <input type=\"hidden\" name=\"target\" value=\"vp&#97;&#108;&#111;&#109;&#105;n&#111;&#64;fcp&#99;health&#46;o&#114;&#103;\" \/>\r\n                                <input type=\"hidden\" name=\"nonce\" value=\"e74600f1bd\"\/>\r\n                                <img decoding=\"async\" src=\"https:\/\/fcpchealth.com\/wp-content\/themes\/healthpress-theme\/images\/loading.gif\" id=\"apo-loader\" alt=\"Loader\" \/>\r\n                            <\/p>\r\n                            <p id=\"apo-message-sent\"><\/p>\r\n                            <div class=\"error-container\"><\/div>\r\n\r\n                    <\/form>\r\n            <\/div>                          \r\n            \t\t<\/div>\n\t\t\t\t<\/div>\n\t\t\t\t\t<\/div>\n\t\t\t\t<\/div>\n\t\t<div class=\"elementor-element elementor-element-5a3640b e-flex e-con-boxed e-con e-parent\" data-id=\"5a3640b\" data-element_type=\"container\">\n\t\t\t\t\t<div class=\"e-con-inner\">\n\t\t\t\t<div class=\"elementor-element elementor-element-27453cb elementor-widget elementor-widget-heading\" data-id=\"27453cb\" data-element_type=\"widget\" data-widget_type=\"heading.default\">\n\t\t\t\t<div class=\"elementor-widget-container\">\n\t\t\t<h4 class=\"elementor-heading-title elementor-size-default\">Privacy Statement:<\/h4>\t\t<\/div>\n\t\t\t\t<\/div>\n\t\t\t\t<div class=\"elementor-element elementor-element-e115779 elementor-widget elementor-widget-text-editor\" data-id=\"e115779\" data-element_type=\"widget\" data-widget_type=\"text-editor.default\">\n\t\t\t\t<div class=\"elementor-widget-container\">\n\t\t\t\t\t\t\tAl proporcionar mi n\u00famero de tel\u00e9fono a Four Corners Primary Care Centers, Inc., acepto y reconozco que Four Corners Primary Care Centers, Inc. puede enviar mensajes de texto a mi n\u00famero de tel\u00e9fono inal\u00e1mbrico para cualquier prop\u00f3sito. Es posible que se apliquen tarifas de mensajes y datos. La frecuencia de los mensajes variar\u00e1 y puede cancelar su suscripci\u00f3n respondiendo \"DETENER\". No se compartir\u00e1 ninguna informaci\u00f3n m\u00f3vil con terceros\/afiliados con fines de marketing\/promoci\u00f3n.\t\t\t\t\t\t<\/div>\n\t\t\t\t<\/div>\n\t\t\t\t\t<\/div>\n\t\t\t\t<\/div>\n\t\t\t\t<\/div>\n\t\t<\/div>\n\t\t\t\t<\/div>\n\t\t\t\t<\/div>\n\t\t\t\t<\/div>\n\t\t\t\t\t<\/div>\n\t\t\t\t<\/div>\n\t\t\t\t<\/div>","protected":false},"excerpt":{"rendered":"<p>Our Services Four Corners Primary Care Centers, is a convenient solution for your family\u2019s health care needs. We provide affordable, quality, accessible health care for the entire family: Infants and Toddlers, Children, Adolescents, Young Adults, Adults, and seniors. Our professional multilingual staff strives for excellence in delivering services. We are committed to providing comprehensive medical [&hellip;]<\/p>","protected":false},"author":6,"featured_media":0,"parent":0,"menu_order":0,"comment_status":"closed","ping_status":"closed","template":"elementor_header_footer","meta":{"footnotes":""},"class_list":["post-1473","page","type-page","status-publish","hentry"],"acf":[],"aioseo_notices":[],"_links":{"self":[{"href":"https:\/\/fcpchealth.com\/es\/wp-json\/wp\/v2\/pages\/1473","targetHints":{"allow":["GET"]}}],"collection":[{"href":"https:\/\/fcpchealth.com\/es\/wp-json\/wp\/v2\/pages"}],"about":[{"href":"https:\/\/fcpchealth.com\/es\/wp-json\/wp\/v2\/types\/page"}],"author":[{"embeddable":true,"href":"https:\/\/fcpchealth.com\/es\/wp-json\/wp\/v2\/users\/6"}],"replies":[{"embeddable":true,"href":"https:\/\/fcpchealth.com\/es\/wp-json\/wp\/v2\/comments?post=1473"}],"version-history":[{"count":16,"href":"https:\/\/fcpchealth.com\/es\/wp-json\/wp\/v2\/pages\/1473\/revisions"}],"predecessor-version":[{"id":2462,"href":"https:\/\/fcpchealth.com\/es\/wp-json\/wp\/v2\/pages\/1473\/revisions\/2462"}],"wp:attachment":[{"href":"https:\/\/fcpchealth.com\/es\/wp-json\/wp\/v2\/media?parent=1473"}],"curies":[{"name":"wp","href":"https:\/\/api.w.org\/{rel}","templated":true}]}}