{"id":1593,"date":"2025-01-29T15:31:00","date_gmt":"2025-01-29T20:31:00","guid":{"rendered":"https:\/\/fcpchealth.com\/?page_id=1593"},"modified":"2025-03-26T12:03:41","modified_gmt":"2025-03-26T16:03:41","slug":"contact-us","status":"publish","type":"page","link":"https:\/\/fcpchealth.com\/es\/contact-us\/","title":{"rendered":"Cont\u00e1ctanos"},"content":{"rendered":"<div data-elementor-type=\"wp-page\" data-elementor-id=\"1593\" class=\"elementor elementor-1593\" data-elementor-post-type=\"page\">\n\t\t\t\t<div class=\"elementor-element elementor-element-eac6064 e-flex e-con-boxed e-con e-parent\" data-id=\"eac6064\" data-element_type=\"container\">\n\t\t\t\t\t<div class=\"e-con-inner\">\n\t\t\t\t<div class=\"elementor-element elementor-element-e682684 page_main_head elementor-widget elementor-widget-heading\" data-id=\"e682684\" data-element_type=\"widget\" data-widget_type=\"heading.default\">\n\t\t\t\t<div class=\"elementor-widget-container\">\n\t\t\t<h1 class=\"elementor-heading-title elementor-size-default\">Cont\u00e1ctanos<\/h1>\t\t<\/div>\n\t\t\t\t<\/div>\n\t\t\t\t\t<\/div>\n\t\t\t\t<\/div>\n\t\t<div class=\"elementor-element elementor-element-c3390b1 e-flex e-con-boxed e-con e-parent\" data-id=\"c3390b1\" data-element_type=\"container\">\n\t\t\t\t\t<div class=\"e-con-inner\">\n\t\t<div class=\"elementor-element elementor-element-54befe8 e-con-full e-flex e-con e-child\" data-id=\"54befe8\" data-element_type=\"container\">\n\t\t\t\t<div class=\"elementor-element elementor-element-d838c9a elementor-widget elementor-widget-text-editor\" data-id=\"d838c9a\" data-element_type=\"widget\" data-widget_type=\"text-editor.default\">\n\t\t\t\t<div class=\"elementor-widget-container\">\n\t\t\t\t\t\t\tCon instalaciones ubicadas en Norcross, Lawrenceville y Hoschton Georgia, Four Corners Primary Care Centers brinda atenci\u00f3n m\u00e9dica que no es de emergencia, asequible y accesible para toda la familia (beb\u00e9s, ni\u00f1os, adolescentes, adultos y personas mayores).\t\t\t\t\t\t<\/div>\n\t\t\t\t<\/div>\n\t\t\t\t<div class=\"elementor-element elementor-element-61f0867 elementor-widget elementor-widget-heading\" data-id=\"61f0867\" data-element_type=\"widget\" data-widget_type=\"heading.default\">\n\t\t\t\t<div class=\"elementor-widget-container\">\n\t\t\t<h2 class=\"elementor-heading-title elementor-size-default\">Conveniencia<\/h2>\t\t<\/div>\n\t\t\t\t<\/div>\n\t\t\t\t<div class=\"elementor-element elementor-element-97bf980 elementor-widget elementor-widget-image\" data-id=\"97bf980\" data-element_type=\"widget\" data-widget_type=\"image.default\">\n\t\t\t\t<div class=\"elementor-widget-container\">\n\t\t\t\t\t\t\t\t\t\t\t\t\t<img fetchpriority=\"high\" decoding=\"async\" width=\"394\" height=\"224\" src=\"https:\/\/fcpchealth.com\/wp-content\/uploads\/2022\/04\/Norcross-location-1.png\" class=\"attachment-full size-full wp-image-953\" alt=\"\" srcset=\"https:\/\/fcpchealth.com\/wp-content\/uploads\/2022\/04\/Norcross-location-1.png 394w, https:\/\/fcpchealth.com\/wp-content\/uploads\/2022\/04\/Norcross-location-1-300x171.png 300w, https:\/\/fcpchealth.com\/wp-content\/uploads\/2022\/04\/Norcross-location-1-214x122.png 214w\" sizes=\"(max-width: 394px) 100vw, 394px\" \/>\t\t\t\t\t\t\t\t\t\t\t\t\t<\/div>\n\t\t\t\t<\/div>\n\t\t\t\t<div class=\"elementor-element elementor-element-2d96e72 elementor-widget elementor-widget-text-editor\" data-id=\"2d96e72\" data-element_type=\"widget\" data-widget_type=\"text-editor.default\">\n\t\t\t\t<div class=\"elementor-widget-container\">\n\t\t\t\t\t\t\tLunes a Viernes<br>\n7:00 a.m. \u2013 5:00 p.m.\t\t\t\t\t\t<\/div>\n\t\t\t\t<\/div>\n\t\t\t\t<div class=\"elementor-element elementor-element-cacf21f elementor-widget elementor-widget-text-editor\" data-id=\"cacf21f\" data-element_type=\"widget\" data-widget_type=\"text-editor.default\">\n\t\t\t\t<div class=\"elementor-widget-container\">\n\t\t\t\t\t\t\t5300 Oakbrook Parkway<br>\nEdificio 100, Suite 130<br>\nNorcross, Georgia 30093\t\t\t\t\t\t<\/div>\n\t\t\t\t<\/div>\n\t\t\t\t<div class=\"elementor-element elementor-element-8aed191 elementor-widget elementor-widget-text-editor\" data-id=\"8aed191\" data-element_type=\"widget\" data-widget_type=\"text-editor.default\">\n\t\t\t\t<div class=\"elementor-widget-container\">\n\t\t\t\t\t\t\tTel\u00e9fono: (770) 806-2928<br>\nFax: (888) 412-1761\t\t\t\t\t\t<\/div>\n\t\t\t\t<\/div>\n\t\t\t\t<div class=\"elementor-element elementor-element-ead470e elementor-widget elementor-widget-text-editor\" data-id=\"ead470e\" data-element_type=\"widget\" data-widget_type=\"text-editor.default\">\n\t\t\t\t<div class=\"elementor-widget-container\">\n\t\t\t\t\t\t\tEl \u00faltimo viernes de cada mes cerramos a las 13:00 h. ya que reservamos ese tiempo para el desarrollo del personal\t\t\t\t\t\t<\/div>\n\t\t\t\t<\/div>\n\t\t\t\t<div class=\"elementor-element elementor-element-92284ce elementor-widget elementor-widget-heading\" data-id=\"92284ce\" data-element_type=\"widget\" data-widget_type=\"heading.default\">\n\t\t\t\t<div class=\"elementor-widget-container\">\n\t\t\t<h2 class=\"elementor-heading-title elementor-size-default\">Lawrenceville West Pike <\/h2>\t\t<\/div>\n\t\t\t\t<\/div>\n\t\t\t\t<div class=\"elementor-element elementor-element-a402c25 elementor-widget elementor-widget-image\" data-id=\"a402c25\" data-element_type=\"widget\" data-widget_type=\"image.default\">\n\t\t\t\t<div class=\"elementor-widget-container\">\n\t\t\t\t\t\t\t\t\t\t\t\t\t<img decoding=\"async\" width=\"1104\" height=\"727\" src=\"https:\/\/fcpchealth.com\/wp-content\/uploads\/2024\/07\/Screenshot-2023-04-13-at-3.57.58-PM-e1738599127896.png\" class=\"attachment-full size-full wp-image-1245\" alt=\"\" srcset=\"https:\/\/fcpchealth.com\/wp-content\/uploads\/2024\/07\/Screenshot-2023-04-13-at-3.57.58-PM-e1738599127896.png 1104w, https:\/\/fcpchealth.com\/wp-content\/uploads\/2024\/07\/Screenshot-2023-04-13-at-3.57.58-PM-e1738599127896-300x198.png 300w, https:\/\/fcpchealth.com\/wp-content\/uploads\/2024\/07\/Screenshot-2023-04-13-at-3.57.58-PM-e1738599127896-1024x674.png 1024w, https:\/\/fcpchealth.com\/wp-content\/uploads\/2024\/07\/Screenshot-2023-04-13-at-3.57.58-PM-e1738599127896-768x506.png 768w, https:\/\/fcpchealth.com\/wp-content\/uploads\/2024\/07\/Screenshot-2023-04-13-at-3.57.58-PM-e1738599127896-18x12.png 18w, https:\/\/fcpchealth.com\/wp-content\/uploads\/2024\/07\/Screenshot-2023-04-13-at-3.57.58-PM-e1738599127896-637x419.png 637w, https:\/\/fcpchealth.com\/wp-content\/uploads\/2024\/07\/Screenshot-2023-04-13-at-3.57.58-PM-e1738599127896-970x639.png 970w, https:\/\/fcpchealth.com\/wp-content\/uploads\/2024\/07\/Screenshot-2023-04-13-at-3.57.58-PM-e1738599127896-214x141.png 214w\" sizes=\"(max-width: 1104px) 100vw, 1104px\" \/>\t\t\t\t\t\t\t\t\t\t\t\t\t<\/div>\n\t\t\t\t<\/div>\n\t\t\t\t<div class=\"elementor-element elementor-element-6ffe2d1 elementor-widget elementor-widget-text-editor\" data-id=\"6ffe2d1\" data-element_type=\"widget\" data-widget_type=\"text-editor.default\">\n\t\t\t\t<div class=\"elementor-widget-container\">\n\t\t\t\t\t\t\tLunes a Viernes<br>\n8:00 a.m. \u2013 5:00 p.m.\t\t\t\t\t\t<\/div>\n\t\t\t\t<\/div>\n\t\t\t\t<div class=\"elementor-element elementor-element-20f640a elementor-widget elementor-widget-text-editor\" data-id=\"20f640a\" data-element_type=\"widget\" data-widget_type=\"text-editor.default\">\n\t\t\t\t<div class=\"elementor-widget-container\">\n\t\t\t\t\t\t\t<p>318 West Pike St. Suite 100\u00a0<\/p><p>Lawrenceville, GA 30046<\/p>\t\t\t\t\t\t<\/div>\n\t\t\t\t<\/div>\n\t\t\t\t<div class=\"elementor-element elementor-element-2029446 elementor-widget elementor-widget-text-editor\" data-id=\"2029446\" data-element_type=\"widget\" data-widget_type=\"text-editor.default\">\n\t\t\t\t<div class=\"elementor-widget-container\">\n\t\t\t\t\t\t\tTel\u00e9fono: (770) 806-2928<br>\nFax: (888) 412-1761\t\t\t\t\t\t<\/div>\n\t\t\t\t<\/div>\n\t\t\t\t<div class=\"elementor-element elementor-element-e998352 elementor-widget elementor-widget-heading\" data-id=\"e998352\" data-element_type=\"widget\" data-widget_type=\"heading.default\">\n\t\t\t\t<div class=\"elementor-widget-container\">\n\t\t\t<h2 class=\"elementor-heading-title elementor-size-default\">Lawrenceville VPH<\/h2>\t\t<\/div>\n\t\t\t\t<\/div>\n\t\t\t\t<div class=\"elementor-element elementor-element-c89cb9e elementor-widget elementor-widget-image\" data-id=\"c89cb9e\" data-element_type=\"widget\" data-widget_type=\"image.default\">\n\t\t\t\t<div class=\"elementor-widget-container\">\n\t\t\t\t\t\t\t\t\t\t\t\t\t<img decoding=\"async\" width=\"980\" height=\"658\" src=\"https:\/\/fcpchealth.com\/wp-content\/uploads\/2022\/04\/Lawrenceville_img.jpg\" class=\"attachment-full size-full wp-image-958\" alt=\"\" srcset=\"https:\/\/fcpchealth.com\/wp-content\/uploads\/2022\/04\/Lawrenceville_img.jpg 980w, https:\/\/fcpchealth.com\/wp-content\/uploads\/2022\/04\/Lawrenceville_img-300x201.jpg 300w, https:\/\/fcpchealth.com\/wp-content\/uploads\/2022\/04\/Lawrenceville_img-768x516.jpg 768w, https:\/\/fcpchealth.com\/wp-content\/uploads\/2022\/04\/Lawrenceville_img-637x428.jpg 637w, https:\/\/fcpchealth.com\/wp-content\/uploads\/2022\/04\/Lawrenceville_img-970x651.jpg 970w, https:\/\/fcpchealth.com\/wp-content\/uploads\/2022\/04\/Lawrenceville_img-214x144.jpg 214w\" sizes=\"(max-width: 980px) 100vw, 980px\" \/>\t\t\t\t\t\t\t\t\t\t\t\t\t<\/div>\n\t\t\t\t<\/div>\n\t\t\t\t<div class=\"elementor-element elementor-element-e51c83b elementor-widget elementor-widget-text-editor\" data-id=\"e51c83b\" data-element_type=\"widget\" data-widget_type=\"text-editor.default\">\n\t\t\t\t<div class=\"elementor-widget-container\">\n\t\t\t\t\t\t\tLunes a Viernes<br>\n8:00 a.m. \u2013 5:00 p.m.\t\t\t\t\t\t<\/div>\n\t\t\t\t<\/div>\n\t\t\t\t<div class=\"elementor-element elementor-element-9513c0f elementor-widget elementor-widget-text-editor\" data-id=\"9513c0f\" data-element_type=\"widget\" data-widget_type=\"text-editor.default\">\n\t\t\t\t<div class=\"elementor-widget-container\">\n\t\t\t\t\t\t\t175 Gwinnett Drive<br>\nsuite 213<br>\n\nLawrenceville, Georgia 30046\t\t\t\t\t\t<\/div>\n\t\t\t\t<\/div>\n\t\t\t\t<div class=\"elementor-element elementor-element-3edb79a elementor-widget elementor-widget-text-editor\" data-id=\"3edb79a\" data-element_type=\"widget\" data-widget_type=\"text-editor.default\">\n\t\t\t\t<div class=\"elementor-widget-container\">\n\t\t\t\t\t\t\tTel\u00e9fono: (770) 806-2928<br>\nFax: (888) 412-1761\t\t\t\t\t\t<\/div>\n\t\t\t\t<\/div>\n\t\t\t\t<div class=\"elementor-element elementor-element-b8c1211 elementor-widget elementor-widget-heading\" data-id=\"b8c1211\" data-element_type=\"widget\" data-widget_type=\"heading.default\">\n\t\t\t\t<div class=\"elementor-widget-container\">\n\t\t\t<h2 class=\"elementor-heading-title elementor-size-default\">Hoschton<\/h2>\t\t<\/div>\n\t\t\t\t<\/div>\n\t\t\t\t<div class=\"elementor-element elementor-element-192097c elementor-widget elementor-widget-image\" data-id=\"192097c\" data-element_type=\"widget\" data-widget_type=\"image.default\">\n\t\t\t\t<div class=\"elementor-widget-container\">\n\t\t\t\t\t\t\t\t\t\t\t\t\t<img loading=\"lazy\" decoding=\"async\" width=\"2560\" height=\"1365\" src=\"https:\/\/fcpchealth.com\/wp-content\/uploads\/2022\/04\/Hoschton_d.jpeg\" class=\"attachment-full size-full wp-image-962\" alt=\"\" srcset=\"https:\/\/fcpchealth.com\/wp-content\/uploads\/2022\/04\/Hoschton_d.jpeg 2560w, https:\/\/fcpchealth.com\/wp-content\/uploads\/2022\/04\/Hoschton_d-300x160.jpeg 300w, https:\/\/fcpchealth.com\/wp-content\/uploads\/2022\/04\/Hoschton_d-1024x546.jpeg 1024w, https:\/\/fcpchealth.com\/wp-content\/uploads\/2022\/04\/Hoschton_d-768x410.jpeg 768w, https:\/\/fcpchealth.com\/wp-content\/uploads\/2022\/04\/Hoschton_d-1536x819.jpeg 1536w, https:\/\/fcpchealth.com\/wp-content\/uploads\/2022\/04\/Hoschton_d-2048x1092.jpeg 2048w, https:\/\/fcpchealth.com\/wp-content\/uploads\/2022\/04\/Hoschton_d-637x340.jpeg 637w, https:\/\/fcpchealth.com\/wp-content\/uploads\/2022\/04\/Hoschton_d-298x160.jpeg 298w, https:\/\/fcpchealth.com\/wp-content\/uploads\/2022\/04\/Hoschton_d-970x517.jpeg 970w, https:\/\/fcpchealth.com\/wp-content\/uploads\/2022\/04\/Hoschton_d-214x114.jpeg 214w\" sizes=\"(max-width: 2560px) 100vw, 2560px\" \/>\t\t\t\t\t\t\t\t\t\t\t\t\t<\/div>\n\t\t\t\t<\/div>\n\t\t\t\t<div class=\"elementor-element elementor-element-148109f elementor-widget elementor-widget-text-editor\" data-id=\"148109f\" data-element_type=\"widget\" data-widget_type=\"text-editor.default\">\n\t\t\t\t<div class=\"elementor-widget-container\">\n\t\t\t\t\t\t\tLunes Viernes<br>\n8:00 a.m. \u2013 5:00 p.m.\t\t\t\t\t\t<\/div>\n\t\t\t\t<\/div>\n\t\t\t\t<div class=\"elementor-element elementor-element-957a740 elementor-widget elementor-widget-text-editor\" data-id=\"957a740\" data-element_type=\"widget\" data-widget_type=\"text-editor.default\">\n\t\t\t\t<div class=\"elementor-widget-container\">\n\t\t\t\t\t\t\t115 Towne Center Parkway<br>\nsuite 113<br>\nHoschton, Georgia 30548\t\t\t\t\t\t<\/div>\n\t\t\t\t<\/div>\n\t\t\t\t<div class=\"elementor-element elementor-element-acf7469 elementor-widget elementor-widget-text-editor\" data-id=\"acf7469\" data-element_type=\"widget\" data-widget_type=\"text-editor.default\">\n\t\t\t\t<div class=\"elementor-widget-container\">\n\t\t\t\t\t\t\tTel\u00e9fono: (770) 806-2928 \/ (706) 684-0643<br>\nFax: (888) 412-1761\t\t\t\t\t\t<\/div>\n\t\t\t\t<\/div>\n\t\t\t\t<\/div>\n\t\t<div class=\"elementor-element elementor-element-5287ad8 e-con-full e-flex e-con e-child\" data-id=\"5287ad8\" data-element_type=\"container\">\n\t\t\t\t<div class=\"elementor-element elementor-element-e35d671 elementor-widget elementor-widget-shortcode\" data-id=\"e35d671\" data-element_type=\"widget\" data-widget_type=\"shortcode.default\">\n\t\t\t\t<div class=\"elementor-widget-container\">\n\t\t\t\t\t<div class=\"elementor-shortcode\">\t\t<div data-elementor-type=\"page\" data-elementor-id=\"1443\" class=\"elementor elementor-1443\" data-elementor-post-type=\"elementor_library\">\n\t\t\t\t<div class=\"elementor-element elementor-element-a7d310e e-flex e-con-boxed e-con e-parent\" data-id=\"a7d310e\" data-element_type=\"container\">\n\t\t\t\t\t<div class=\"e-con-inner\">\n\t\t\t\t<div class=\"elementor-element elementor-element-6795089 elementor-widget elementor-widget-wp-widget-appointment_widget\" data-id=\"6795089\" data-element_type=\"widget\" data-widget_type=\"wp-widget-appointment_widget.default\">\n\t\t\t\t<div class=\"elementor-widget-container\">\n\t\t\t                   \r\n            <div class=\"appointment\">\r\n                    <div class=\"header\">\r\n                            <h2>Cont\u00e1ctanos<\/h2>\r\n                            <h3 class=\"number\">(770) 806-2928<\/h3>\r\n                            <span class=\"or\">OR<\/span>\r\n                    <\/div>\r\n                    <form action=\"https:\/\/fcpchealth.com\/wp-admin\/admin-ajax.php\" id=\"appoint-form\" method=\"post\">\r\n                            <p>\r\n                                <label class=\"display-ie8\" for=\"apo_name\">Full Name<\/label>\r\n                                <input type=\"text\" name=\"apo_name\" class=\"required\" id=\"apo_name\" placeholder=\"Full Name\" title=\"* Please enter your Full Name\" \/>\r\n                            <\/p>\r\n                            <p>\r\n                                <label class=\"display-ie8\" for=\"apo_phone\">Phone Number<\/label>\r\n                                <input type=\"text\" name=\"apo_phone\" class=\"required\" id=\"apo_phone\" placeholder=\"Phone Number\" title=\"* Please enter your Phone Number\" \/>\r\n\t\t\t\t\t\t\t<\/p>\r\n                            <p>\r\n                                <label class=\"display-ie8\" for=\"apo_email\">Email Address<\/label>\r\n                                <input  type=\"text\" name=\"apo_email\"  class=\"email required\" id=\"apo_email\" placeholder=\"Email Address\" title=\"* Please enter valid Email Address\" \/>\r\n                            <\/p>\r\n                            <p>\r\n                                <label class=\"display-ie8\" for=\"apo_date\">Appointment Date<\/label>\r\n                                <input type=\"text\" name=\"apo_date\" class=\"required\" id=\"apo_date\" placeholder=\"Appointment Date\" title=\"* Please select desired appointment date\" \/>\r\n                            <\/p>\r\n                            <p>\r\n                                <label class=\"display-ie8\" for=\"apo_date\">Message<\/label>\r\n                                <textarea name=\"message\" class=\"message required\" cols=\"30\" rows=\"5\"  maxlength=\"250\" placeholder=\"Message\" title=\"* Please enter your message\"><\/textarea>\r\n\t\t\t\t\t\t\t<\/p>\r\n\r\n                                                            <div class=\"captcha-container\">\r\n                                    <img decoding=\"async\" id=\"captch-img\" src=\"https:\/\/fcpchealth.com\/wp-content\/themes\/healthpress-theme\/captcha\/appointment_captcha.php\" alt=\"\"\/>\r\n                                    <input type=\"text\" class=\"captcha required\" name=\"captcha\" maxlength=\"5\" title=\"* Please enter the code characters displayed in image!\"\/>\r\n                                <\/div>\r\n                                \t\t\t\t\t\t\t\r\n\t\t\t\t\t\t\t<p>\t\t\t\t\t\t\t\t\t\t\t\t\t\t\t\r\n                                <input type=\"submit\" value=\"Submit Request\" id=\"apo-submit\" class=\"readmore\">\r\n                                <input type=\"hidden\" name=\"action\" value=\"request_appointment\" \/>\r\n                                <input type=\"hidden\" name=\"target\" value=\"v&#112;a&#108;&#111;&#109;&#105;&#110;o&#64;&#102;&#99;&#112;c&#104;&#101;&#97;&#108;th.&#111;&#114;g\" \/>\r\n                                <input type=\"hidden\" name=\"nonce\" value=\"e74600f1bd\"\/>\r\n                                <img decoding=\"async\" src=\"https:\/\/fcpchealth.com\/wp-content\/themes\/healthpress-theme\/images\/loading.gif\" id=\"apo-loader\" alt=\"Loader\" \/>\r\n                            <\/p>\r\n                            <p id=\"apo-message-sent\"><\/p>\r\n                            <div class=\"error-container\"><\/div>\r\n\r\n                    <\/form>\r\n            <\/div>                          \r\n            \t\t<\/div>\n\t\t\t\t<\/div>\n\t\t\t\t\t<\/div>\n\t\t\t\t<\/div>\n\t\t<div class=\"elementor-element elementor-element-5a3640b e-flex e-con-boxed e-con e-parent\" data-id=\"5a3640b\" data-element_type=\"container\">\n\t\t\t\t\t<div class=\"e-con-inner\">\n\t\t\t\t<div class=\"elementor-element elementor-element-27453cb elementor-widget elementor-widget-heading\" data-id=\"27453cb\" data-element_type=\"widget\" data-widget_type=\"heading.default\">\n\t\t\t\t<div class=\"elementor-widget-container\">\n\t\t\t<h4 class=\"elementor-heading-title elementor-size-default\">Privacy Statement:<\/h4>\t\t<\/div>\n\t\t\t\t<\/div>\n\t\t\t\t<div class=\"elementor-element elementor-element-e115779 elementor-widget elementor-widget-text-editor\" data-id=\"e115779\" data-element_type=\"widget\" data-widget_type=\"text-editor.default\">\n\t\t\t\t<div class=\"elementor-widget-container\">\n\t\t\t\t\t\t\tAl proporcionar mi n\u00famero de tel\u00e9fono a Four Corners Primary Care Centers, Inc., acepto y reconozco que Four Corners Primary Care Centers, Inc. puede enviar mensajes de texto a mi n\u00famero de tel\u00e9fono inal\u00e1mbrico para cualquier prop\u00f3sito. Es posible que se apliquen tarifas de mensajes y datos. La frecuencia de los mensajes variar\u00e1 y puede cancelar su suscripci\u00f3n respondiendo \"DETENER\". No se compartir\u00e1 ninguna informaci\u00f3n m\u00f3vil con terceros\/afiliados con fines de marketing\/promoci\u00f3n.\t\t\t\t\t\t<\/div>\n\t\t\t\t<\/div>\n\t\t\t\t\t<\/div>\n\t\t\t\t<\/div>\n\t\t\t\t<\/div>\n\t\t<\/div>\n\t\t\t\t<\/div>\n\t\t\t\t<\/div>\n\t\t\t\t<\/div>\n\t\t\t\t\t<\/div>\n\t\t\t\t<\/div>\n\t\t\t\t<\/div>","protected":false},"excerpt":{"rendered":"<p>Contact Us With facilities located in Norcross, Lawrenceville, and Hoschton Georgia, Four Corners Primary Care Centers provides non-emergency, affordable and accessible healthcare for the entire family (infants, children, adolescents, adults, and seniors). Convenience Monday \u2013 Friday 7:00 a.m. \u2013 5:00 p.m.5300 Oakbrook Parkway Building 100, Suite 130 Norcross, Georgia 30093Phone: (770) 806-2928 Fax: (888) 412-1761The [&hellip;]<\/p>","protected":false},"author":6,"featured_media":0,"parent":0,"menu_order":0,"comment_status":"closed","ping_status":"closed","template":"elementor_header_footer","meta":{"footnotes":""},"class_list":["post-1593","page","type-page","status-publish","hentry"],"acf":[],"aioseo_notices":[],"_links":{"self":[{"href":"https:\/\/fcpchealth.com\/es\/wp-json\/wp\/v2\/pages\/1593","targetHints":{"allow":["GET"]}}],"collection":[{"href":"https:\/\/fcpchealth.com\/es\/wp-json\/wp\/v2\/pages"}],"about":[{"href":"https:\/\/fcpchealth.com\/es\/wp-json\/wp\/v2\/types\/page"}],"author":[{"embeddable":true,"href":"https:\/\/fcpchealth.com\/es\/wp-json\/wp\/v2\/users\/6"}],"replies":[{"embeddable":true,"href":"https:\/\/fcpchealth.com\/es\/wp-json\/wp\/v2\/comments?post=1593"}],"version-history":[{"count":16,"href":"https:\/\/fcpchealth.com\/es\/wp-json\/wp\/v2\/pages\/1593\/revisions"}],"predecessor-version":[{"id":2223,"href":"https:\/\/fcpchealth.com\/es\/wp-json\/wp\/v2\/pages\/1593\/revisions\/2223"}],"wp:attachment":[{"href":"https:\/\/fcpchealth.com\/es\/wp-json\/wp\/v2\/media?parent=1593"}],"curies":[{"name":"wp","href":"https:\/\/api.w.org\/{rel}","templated":true}]}}