{"id":182,"date":"2012-10-11T12:13:49","date_gmt":"2012-10-11T16:13:49","guid":{"rendered":"http:\/\/healthpress.inspirythemes.com\/?page_id=182"},"modified":"2023-10-28T05:21:54","modified_gmt":"2023-10-28T09:21:54","slug":"faq","status":"publish","type":"page","link":"https:\/\/fcpchealth.com\/es\/faq\/","title":{"rendered":"Preguntas Frecuentes"},"content":{"rendered":"<p><span style=\"color: #0BA4DD;\"><strong>\u00bfQu\u00e9 es exactamente un Centro de Salud Comunitario?<\/strong><\/span><\/p>\n<p>Los Centros Comunitarios de Salud son organizaciones locales de atenci\u00f3n m\u00e9dica sin fines de lucro en comunidades de todo el pa\u00eds. Durante casi 40 a\u00f1os, la red nacional de centros de salud ha brindado atenci\u00f3n primaria asequible de alta calidad. Tambi\u00e9n conocidos como Centros de Salud Calificados Federalmente, est\u00e1n ubicados en \u00e1reas donde la atenci\u00f3n es necesaria pero escasa.<\/p>\n<p><span style=\"color: #0BA4DD;\"><strong>\u00bfD\u00f3nde se encuentra Four Corners Primary Care Centers (FCPC) ?<\/strong><\/span><\/p>\n<p>Nuestra direcci\u00f3n en Norcross es 5300 Oakbrook Parkway, Building 100, Suite 100, Norcross, GA 30093.<\/p>\n<p>Nuestra direcci\u00f3n en Lawrenceville es 175 Gwinnett Drive, Suite 213, Lawrenceville, GA 30046.<\/p>\n<p>Nuestra direcci\u00f3n en Hoschton es 115 Towne Center Parkway, Suite 113, Hoschton, GA 30548.<\/p>\n<p><span style=\"color: #0BA4DD;\"><strong>\u00bfC\u00f3mo me convierto en Four Corners Primary Care Centers (FCPC) paciente?<\/strong><\/span><\/p>\n<p>Puede hacer una cita al (770) 806-2928 o venir sin cita previa. Aceptamos pacientes sin cita previa por orden de llegada. Traiga una identificaci\u00f3n v\u00e1lida con foto (no es necesario que sea una identificaci\u00f3n de GA) y un comprobante de seguro o ingresos si no tiene seguro.<\/p>\n<p><span style=\"color: #0BA4DD;\"><strong>\u00bfEs necesario hacer una cita?<\/strong><\/span><\/p>\n<p>Le animamos a hacer una cita para mantener su tiempo de espera lo m\u00e1s corto posible. Sin embargo, aceptaremos pacientes sin cita previa por orden de llegada.<\/p>\n<p><span style=\"color: #0BA4DD;\"><strong>\u00bfQu\u00e9 necesito llevar a mi cita?<\/strong><\/span><\/p>\n<ul>\n<li>Identificaci\u00f3n emitida por el estado\/licencia de conducir<\/li>\n<li>Pasaporte o DNI del Consulado<\/li>\n<li>Si tiene alg\u00fan tipo de seguro m\u00e9dico, traiga la tarjeta del seguro.<\/li>\n<li>Si no tiene seguro m\u00e9dico, traiga los \u00faltimos tres talones de pago o los estados de cuenta bancarios m\u00e1s recientes.<\/li>\n<li>Si trabaja por cuenta propia, traiga la declaraci\u00f3n de impuestos federal m\u00e1s reciente.<\/li>\n<\/ul>\n<p><span style=\"color: #0BA4DD;\"><strong>\u00bfTiene un personal biling\u00fce?<\/strong><\/span><\/p>\n<p>S\u00ed. Desde el personal de recepci\u00f3n hasta los proveedores, tenemos varias personas disponibles que hablan varios idiomas y podr\u00e1n ayudarlo. Los idiomas que se hablan incluyen ingl\u00e9s, espa\u00f1ol, franc\u00e9s y portugu\u00e9s.<\/p>\n<p><span style=\"color: #0BA4DD;\"><strong>\u00bfEst\u00e1s abierta por la noche o los fines de semana?<\/strong><\/span><\/p>\n<p>Four Corners Primary Care Centers est\u00e1 abierto de lunes a viernes de 7:00 a. m. a 5:00 p. m., con la excepci\u00f3n de los feriados estatales. Para acomodarnos mejor a nuestros pacientes pedi\u00e1tricos Four Corners Primary Care Centers El departamento de Pediatr\u00eda de Norcross est\u00e1 abierto de 7:00 a. m. a 5:00 p. m. durante el verano.<\/p>\n<p><span style=\"color: #0BA4DD;\"><strong>\u00bfNecesito una  GREEN CARD para ser visto?<\/strong><\/span><\/p>\n<p>No. El Centro de Atenci\u00f3n Primaria Four Corners atiende pacientes sin tener en cuenta su estatus migratorio.<\/p>\n<p><span style=\"color: #0BA4DD;\"><strong>\u00bfLos servicios son gratuitos?<\/strong><\/span><\/p>\n<p>No, servicios en Four Corners Primary Care Centers no son gratis. Los servicios se ofrecen en una escala m\u00f3vil de tarifas basada en los ingresos y el tama\u00f1o del hogar.<\/p>\n<p><span style=\"color: #0BA4DD;\"><strong>\u00bfFour Corners Primary Care Centers (FCPC) me facturar\u00e1 los servicios o debo pagar el d\u00eda de la cita?<\/strong><\/span><\/p>\n<p>Four Corners Primary Care Centers (FCPC) tiene la pol\u00edtica de esperar el pago en el momento en que se prestan los servicios.<\/p>\n<p><span style=\"color: #0BA4DD;\"><strong>Puedo ir a Four Corners Primary Care Centers (FCPC) si tengo seguro?<\/strong><\/span><\/p>\n<p>S\u00ed. Aceptamos una gran cantidad de planes de seguro m\u00e9dico, incluidos Medicaid y Medicare, y planes bajo la Ley del Cuidado de Salud a Bajo Precio. Aseg\u00farese de traer su tarjeta de seguro para cualquier visita a FCPC.<\/p>\n<p><span style=\"color: #0BA4DD;\"><strong>Tengo beneficios de seguro m\u00e9dico, \u00bfpor qu\u00e9 querr\u00eda ir a Four Corners Primary Care Centers?<\/strong><\/span><\/p>\n<p>Four Corners Primary Care Centers es su centro de salud comunitario: ofrecemos atenci\u00f3n m\u00e9dica a todos en nuestra comunidad. Al apoyar\nFour Corners Primary Care Centers, recibir\u00e1 atenci\u00f3n m\u00e9dica de alta calidad con grandes ahorros. Four Corners Primary Care Centers ofrece atenci\u00f3n integral para toda la familia.<\/p>\n<p><span style=\"color: #0BA4DD;\"><strong>\u00bfC\u00f3mo s\u00e9 si mi salario es demasiado alto o demasiado bajo para calificar?<\/strong><\/span><\/p>\n<p>No hay restricciones de ingresos para recibir atenci\u00f3n en Four Corners Primary Care Centers. Dependiendo de los ingresos y el tama\u00f1o de su familia, puede calificar para descuentos en nuestra escala m\u00f3vil de tarifas.<\/p>\n<p><span style=\"color: #0BA4DD;\"><strong>Mi hijo est\u00e1 comenzando la escuela; pueden Four Corners Primary Care Centers proporcionarle las vacunas correctas, ex\u00e1menes de audici\u00f3n y visi\u00f3n, y un examen f\u00edsico?<\/strong><\/span><\/p>\n<p>\u00a1S\u00ed! Four Corners Primary Care Center ofrece ex\u00e1menes f\u00edsicos a personas de todas las edades, incluidos ex\u00e1menes f\u00edsicos para deportes. Brindamos vacunas para ni\u00f1os de todas las edades, adultos, as\u00ed como vacunas contra la gripe estacional y ex\u00e1menes de audici\u00f3n y visi\u00f3n requeridos por la escuela.<\/p>\n<p><span style=\"color: #0BA4DD;\"><strong>Mi c\u00f3nyuge tiene una condici\u00f3n m\u00e9dica cr\u00f3nica que requiere el control de un m\u00e9dico, \u00bfest\u00e1 m\u00e1s all\u00e1 del alcance de la atenci\u00f3n brindada en Four Corners Primary Care Centers?<\/strong><\/span><\/p>\n<p><span style=\"color: #000000;\">No. En Four Corners Primary Care Centers, Brindamos atenci\u00f3n a muchos pacientes con diabetes, colesterol, hipertensi\u00f3n, enfermedades card\u00edacas y otras enfermedades cr\u00f3nicas.<\/span><\/p>\n<p>&nbsp;<\/p>\n<p>&nbsp;<\/p>","protected":false},"excerpt":{"rendered":"<p>What exactly is a Community Health Center? Community Health Centers are local, non-profit, health care organizations in communities across the nation. For nearly 40 years, the national network of health centers has provided high quality affordable primary care. Also known as Federally Qualified Health Centers, they are located in areas where care is needed but [&hellip;]<\/p>","protected":false},"author":1,"featured_media":572,"parent":0,"menu_order":0,"comment_status":"closed","ping_status":"closed","template":"","meta":{"footnotes":""},"class_list":["post-182","page","type-page","status-publish","has-post-thumbnail","hentry"],"acf":[],"aioseo_notices":[],"_links":{"self":[{"href":"https:\/\/fcpchealth.com\/es\/wp-json\/wp\/v2\/pages\/182","targetHints":{"allow":["GET"]}}],"collection":[{"href":"https:\/\/fcpchealth.com\/es\/wp-json\/wp\/v2\/pages"}],"about":[{"href":"https:\/\/fcpchealth.com\/es\/wp-json\/wp\/v2\/types\/page"}],"author":[{"embeddable":true,"href":"https:\/\/fcpchealth.com\/es\/wp-json\/wp\/v2\/users\/1"}],"replies":[{"embeddable":true,"href":"https:\/\/fcpchealth.com\/es\/wp-json\/wp\/v2\/comments?post=182"}],"version-history":[{"count":19,"href":"https:\/\/fcpchealth.com\/es\/wp-json\/wp\/v2\/pages\/182\/revisions"}],"predecessor-version":[{"id":984,"href":"https:\/\/fcpchealth.com\/es\/wp-json\/wp\/v2\/pages\/182\/revisions\/984"}],"wp:featuredmedia":[{"embeddable":true,"href":"https:\/\/fcpchealth.com\/es\/wp-json\/wp\/v2\/media\/572"}],"wp:attachment":[{"href":"https:\/\/fcpchealth.com\/es\/wp-json\/wp\/v2\/media?parent=182"}],"curies":[{"name":"wp","href":"https:\/\/api.w.org\/{rel}","templated":true}]}}