{"id":612,"date":"2016-07-07T12:11:28","date_gmt":"2016-07-07T12:11:28","guid":{"rendered":"http:\/\/fcpchealth.com\/?page_id=612"},"modified":"2025-01-29T15:39:36","modified_gmt":"2025-01-29T20:39:36","slug":"join-our-team","status":"publish","type":"page","link":"https:\/\/fcpchealth.com\/es\/join-our-team\/","title":{"rendered":"\u00danete a nuestro equipo"},"content":{"rendered":"<div data-elementor-type=\"wp-page\" data-elementor-id=\"612\" class=\"elementor elementor-612\" data-elementor-post-type=\"page\">\n\t\t\t\t<div class=\"elementor-element elementor-element-651b2c4 e-con-full e-flex e-con e-parent\" data-id=\"651b2c4\" data-element_type=\"container\">\n\t\t\t\t<div class=\"elementor-element elementor-element-c3088a2 elementor--h-position-center elementor--v-position-middle elementor-arrows-position-inside elementor-pagination-position-inside elementor-widget elementor-widget-slides\" data-id=\"c3088a2\" data-element_type=\"widget\" data-settings=\"{&quot;navigation&quot;:&quot;both&quot;,&quot;autoplay&quot;:&quot;yes&quot;,&quot;pause_on_hover&quot;:&quot;yes&quot;,&quot;pause_on_interaction&quot;:&quot;yes&quot;,&quot;autoplay_speed&quot;:5000,&quot;infinite&quot;:&quot;yes&quot;,&quot;transition&quot;:&quot;slide&quot;,&quot;transition_speed&quot;:500}\" data-widget_type=\"slides.default\">\n\t\t\t\t<div class=\"elementor-widget-container\">\n\t\t\t\t\t<div class=\"elementor-swiper\">\n\t\t\t<div class=\"elementor-slides-wrapper elementor-main-swiper swiper\" dir=\"ltr\" data-animation=\"fadeInUp\">\n\t\t\t\t<div class=\"swiper-wrapper elementor-slides\">\n\t\t\t\t\t\t\t\t\t\t<div class=\"elementor-repeater-item-95624c6 swiper-slide\"><div class=\"swiper-slide-bg\" role=\"img\"><\/div><div class=\"swiper-slide-inner\" ><div class=\"swiper-slide-contents\"><div class=\"elementor-slide-heading\">\u00danete a nuestro equipo<\/div><a href=\"https:\/\/fcpchealth.com\/es\/job-openings\/\" class=\"elementor-button elementor-slide-button elementor-size-sm\">Apply Today<\/a><\/div><\/div><\/div>\t\t\t\t<\/div>\n\t\t\t\t\t\t\t<\/div>\n\t\t<\/div>\n\t\t\t\t<\/div>\n\t\t\t\t<\/div>\n\t\t\t\t<\/div>\n\t\t<div class=\"elementor-element elementor-element-baeac3f e-flex e-con-boxed e-con e-parent\" data-id=\"baeac3f\" data-element_type=\"container\">\n\t\t\t\t\t<div class=\"e-con-inner\">\n\t\t\t\t<div class=\"elementor-element elementor-element-04b1d59 elementor-widget elementor-widget-heading\" data-id=\"04b1d59\" data-element_type=\"widget\" data-widget_type=\"heading.default\">\n\t\t\t\t<div class=\"elementor-widget-container\">\n\t\t\t<h3 class=\"elementor-heading-title elementor-size-default\">\u00danete a nuestro equipo Four Corners Primary Care Centers<\/h3>\t\t<\/div>\n\t\t\t\t<\/div>\n\t\t\t\t\t<\/div>\n\t\t\t\t<\/div>\n\t\t<div class=\"elementor-element elementor-element-c7c8eb6 e-flex e-con-boxed e-con e-parent\" data-id=\"c7c8eb6\" data-element_type=\"container\">\n\t\t\t\t\t<div class=\"e-con-inner\">\n\t\t<div class=\"elementor-element elementor-element-d09c61d e-con-full e-flex e-con e-child\" data-id=\"d09c61d\" data-element_type=\"container\">\n\t\t\t\t<div class=\"elementor-element elementor-element-ce9fb6d elementor-widget elementor-widget-text-editor\" data-id=\"ce9fb6d\" data-element_type=\"widget\" data-widget_type=\"text-editor.default\">\n\t\t\t\t<div class=\"elementor-widget-container\">\n\t\t\t\t\t\t\t<p> Four Corners Primary Care Centers (FCPC) ofrece una amplia gama de oportunidades profesionales. Nuestros Centros se han ganado la reputaci\u00f3n de brindar atenci\u00f3n m\u00e9dica de calidad, asequible y accesible para toda la familia.<br><br>Ser un empleado de FCPC le permite marcar la diferencia en la comunidad y tener un impacto visible en la vida de nuestros residentes.<\/p>\t\t\t\t\t\t<\/div>\n\t\t\t\t<\/div>\n\t\t\t\t<div class=\"elementor-element elementor-element-4f0ebb2 elementor-widget elementor-widget-text-editor\" data-id=\"4f0ebb2\" data-element_type=\"widget\" data-widget_type=\"text-editor.default\">\n\t\t\t\t<div class=\"elementor-widget-container\">\n\t\t\t\t\t\t\tComo empleado de Four Corners Primary Care Center, usted es miembro de nuestra familia y desempe\u00f1a un papel crucial en el beneficio de las vidas de todos los pacientes que atendemos. Con nuestro \u00e9nfasis en un servicio de calidad, un ambiente de trabajo c\u00e1lido, amigable y positivo, y nuestra misi\u00f3n de mejorar la salud y el bienestar de nuestra comunidad, es f\u00e1cil entender por qu\u00e9 Four Corners Primary Care Centers es un excelente lugar para trabajar.\t\t\t\t\t\t<\/div>\n\t\t\t\t<\/div>\n\t\t\t\t<\/div>\n\t\t<div class=\"elementor-element elementor-element-fd1ee87 e-con-full e-flex e-con e-child\" data-id=\"fd1ee87\" data-element_type=\"container\">\n\t\t\t\t<div class=\"elementor-element elementor-element-43bf5cd elementor-widget elementor-widget-image\" data-id=\"43bf5cd\" data-element_type=\"widget\" data-widget_type=\"image.default\">\n\t\t\t\t<div class=\"elementor-widget-container\">\n\t\t\t\t\t\t\t\t\t\t\t\t\t<img fetchpriority=\"high\" decoding=\"async\" width=\"550\" height=\"367\" src=\"https:\/\/fcpchealth.com\/wp-content\/uploads\/2016\/07\/Medical-Careers-Large_thumb.jpg\" class=\"attachment-large size-large wp-image-615\" alt=\"\" srcset=\"https:\/\/fcpchealth.com\/wp-content\/uploads\/2016\/07\/Medical-Careers-Large_thumb.jpg 550w, https:\/\/fcpchealth.com\/wp-content\/uploads\/2016\/07\/Medical-Careers-Large_thumb-300x200.jpg 300w\" sizes=\"(max-width: 550px) 100vw, 550px\" \/>\t\t\t\t\t\t\t\t\t\t\t\t\t<\/div>\n\t\t\t\t<\/div>\n\t\t\t\t<\/div>\n\t\t\t\t\t<\/div>\n\t\t\t\t<\/div>\n\t\t\t\t<\/div>","protected":false},"excerpt":{"rendered":"<p>Join Our TeamApply Today Join Our Four Corners Primary Care Centers Team Four Corners Primary Care Centers (FCPC) comprehensive array of services provides a wide range of career opportunities. Our Centers have built a reputation for providing quality, affordable and accessible healthcare for the entire family. Being an employee with FCPC allows you to make [&hellip;]<\/p>","protected":false},"author":1,"featured_media":0,"parent":0,"menu_order":0,"comment_status":"closed","ping_status":"closed","template":"","meta":{"footnotes":""},"class_list":["post-612","page","type-page","status-publish","hentry"],"acf":[],"aioseo_notices":[],"_links":{"self":[{"href":"https:\/\/fcpchealth.com\/es\/wp-json\/wp\/v2\/pages\/612","targetHints":{"allow":["GET"]}}],"collection":[{"href":"https:\/\/fcpchealth.com\/es\/wp-json\/wp\/v2\/pages"}],"about":[{"href":"https:\/\/fcpchealth.com\/es\/wp-json\/wp\/v2\/types\/page"}],"author":[{"embeddable":true,"href":"https:\/\/fcpchealth.com\/es\/wp-json\/wp\/v2\/users\/1"}],"replies":[{"embeddable":true,"href":"https:\/\/fcpchealth.com\/es\/wp-json\/wp\/v2\/comments?post=612"}],"version-history":[{"count":18,"href":"https:\/\/fcpchealth.com\/es\/wp-json\/wp\/v2\/pages\/612\/revisions"}],"predecessor-version":[{"id":2052,"href":"https:\/\/fcpchealth.com\/es\/wp-json\/wp\/v2\/pages\/612\/revisions\/2052"}],"wp:attachment":[{"href":"https:\/\/fcpchealth.com\/es\/wp-json\/wp\/v2\/media?parent=612"}],"curies":[{"name":"wp","href":"https:\/\/api.w.org\/{rel}","templated":true}]}}