{"id":625,"date":"2016-07-07T13:07:29","date_gmt":"2016-07-07T13:07:29","guid":{"rendered":"http:\/\/fcpchealth.com\/?page_id=625"},"modified":"2023-05-29T13:56:56","modified_gmt":"2023-05-29T17:56:56","slug":"job-openings","status":"publish","type":"page","link":"https:\/\/fcpchealth.com\/es\/job-openings\/","title":{"rendered":"Ofertas de trabajo"},"content":{"rendered":"<p><img fetchpriority=\"high\" decoding=\"async\" class=\"size-medium wp-image-632 alignnone\" src=\"http:\/\/fcpchealth.com\/wp-content\/uploads\/2016\/07\/application-300x200.jpg\" alt=\"Filling in forms\" width=\"300\" height=\"200\" srcset=\"https:\/\/fcpchealth.com\/wp-content\/uploads\/2016\/07\/application-300x200.jpg 300w, https:\/\/fcpchealth.com\/wp-content\/uploads\/2016\/07\/application.jpg 507w\" sizes=\"(max-width: 300px) 100vw, 300px\" \/><\/p>\n<ul>\n<li><span style=\"color: #000000;\">Asistente m\u00e9dico certificado de tiempo completo<\/span> <span style=\"color: #0BA4DD;\">Preferiblemente Biling\u00fce<\/span><\/li>\n<li><span style=\"color: #000000;\">Operador de tiempo completo-<\/span> <span style=\"color: #0BA4DD;\">Preferiblemente Biling\u00fce<\/span><\/li>\n<li class=\" translation-block\"><span style=\"color: #000000\">Recepcionista m\u00e9dico tiempo completo-<\/span><span style=\"color: #0BA4DD\">\u00a0Preferiblemente Biling\u00fce<\/span><\/li>\n<\/ul>\n<div>\n<p>Indique en su solicitud qu\u00e9 puesto de la lista le interesa. Puestos sujetos a cambios sin previo aviso<\/p>\n<\/div>\n<div><\/div>\n<p>Aviso de igualdad de oportunidades en el empleo: Four Corners Primary Care Centers, Inc., no discrimina en la contrataci\u00f3n por motivos de raza, color, religi\u00f3n, orientaci\u00f3n sexual, edad, origen nacional, discapacidad o estatus en cualquier otro grupo protegido.<\/p>","protected":false},"excerpt":{"rendered":"<p>Full Time Medical Receptionist- Bilingual Preferred Full Time Operator- Bilingual Preferred Full-Time Certified Medical Assistant- Bilingual Preferred Please indicate which listed position you are interested in on your application.Positions Subject to Change Without Notice Equal Employment Opportunity Notice: Four Corners Primary Care Centers, Inc., does not discriminate in hiring on the basis of race, color, [&hellip;]<\/p>","protected":false},"author":1,"featured_media":0,"parent":0,"menu_order":0,"comment_status":"closed","ping_status":"closed","template":"","meta":{"footnotes":""},"class_list":["post-625","page","type-page","status-publish","hentry"],"acf":[],"aioseo_notices":[],"_links":{"self":[{"href":"https:\/\/fcpchealth.com\/es\/wp-json\/wp\/v2\/pages\/625","targetHints":{"allow":["GET"]}}],"collection":[{"href":"https:\/\/fcpchealth.com\/es\/wp-json\/wp\/v2\/pages"}],"about":[{"href":"https:\/\/fcpchealth.com\/es\/wp-json\/wp\/v2\/types\/page"}],"author":[{"embeddable":true,"href":"https:\/\/fcpchealth.com\/es\/wp-json\/wp\/v2\/users\/1"}],"replies":[{"embeddable":true,"href":"https:\/\/fcpchealth.com\/es\/wp-json\/wp\/v2\/comments?post=625"}],"version-history":[{"count":10,"href":"https:\/\/fcpchealth.com\/es\/wp-json\/wp\/v2\/pages\/625\/revisions"}],"predecessor-version":[{"id":1077,"href":"https:\/\/fcpchealth.com\/es\/wp-json\/wp\/v2\/pages\/625\/revisions\/1077"}],"wp:attachment":[{"href":"https:\/\/fcpchealth.com\/es\/wp-json\/wp\/v2\/media?parent=625"}],"curies":[{"name":"wp","href":"https:\/\/api.w.org\/{rel}","templated":true}]}}