{"id":957,"date":"2022-04-13T00:51:36","date_gmt":"2022-04-13T04:51:36","guid":{"rendered":"https:\/\/fcpchealth.com\/?page_id=957"},"modified":"2025-02-03T11:30:42","modified_gmt":"2025-02-03T16:30:42","slug":"lawrenceville-location","status":"publish","type":"page","link":"https:\/\/fcpchealth.com\/es\/lawrenceville-location\/","title":{"rendered":"Ubicaciones de Lawrenceville"},"content":{"rendered":"<div data-elementor-type=\"wp-page\" data-elementor-id=\"957\" class=\"elementor elementor-957\" data-elementor-post-type=\"page\">\n\t\t\t\t<div class=\"elementor-element elementor-element-c8d60ee e-flex e-con-boxed e-con e-parent\" data-id=\"c8d60ee\" data-element_type=\"container\">\n\t\t\t\t\t<div class=\"e-con-inner\">\n\t\t\t\t<div class=\"elementor-element elementor-element-0899e23 elementor-widget elementor-widget-heading\" data-id=\"0899e23\" data-element_type=\"widget\" data-widget_type=\"heading.default\">\n\t\t\t\t<div class=\"elementor-widget-container\">\n\t\t\t<h2 class=\"elementor-heading-title elementor-size-default\">Ubicaciones de Lawrenceville<\/h2>\t\t<\/div>\n\t\t\t\t<\/div>\n\t\t\t\t\t<\/div>\n\t\t\t\t<\/div>\n\t\t<div class=\"elementor-element elementor-element-e3d4d00 e-flex e-con-boxed e-con e-parent\" data-id=\"e3d4d00\" data-element_type=\"container\">\n\t\t\t\t\t<div class=\"e-con-inner\">\n\t\t<div class=\"elementor-element elementor-element-69983c8 e-con-full e-flex e-con e-child\" data-id=\"69983c8\" data-element_type=\"container\">\n\t\t\t\t<div class=\"elementor-element elementor-element-e333d15 elementor-widget elementor-widget-heading\" data-id=\"e333d15\" data-element_type=\"widget\" data-widget_type=\"heading.default\">\n\t\t\t\t<div class=\"elementor-widget-container\">\n\t\t\t<h2 class=\"elementor-heading-title elementor-size-default\">Lawrenceville VPH<\/h2>\t\t<\/div>\n\t\t\t\t<\/div>\n\t\t\t\t<div class=\"elementor-element elementor-element-4493227 elementor-widget elementor-widget-image\" data-id=\"4493227\" data-element_type=\"widget\" data-widget_type=\"image.default\">\n\t\t\t\t<div class=\"elementor-widget-container\">\n\t\t\t\t\t\t\t\t\t\t\t\t\t<img fetchpriority=\"high\" decoding=\"async\" width=\"645\" height=\"433\" src=\"https:\/\/fcpchealth.com\/wp-content\/uploads\/2022\/04\/Lawrenceville_img-768x516.jpg\" class=\"attachment-medium_large size-medium_large wp-image-958\" alt=\"\" srcset=\"https:\/\/fcpchealth.com\/wp-content\/uploads\/2022\/04\/Lawrenceville_img-768x516.jpg 768w, https:\/\/fcpchealth.com\/wp-content\/uploads\/2022\/04\/Lawrenceville_img-300x201.jpg 300w, https:\/\/fcpchealth.com\/wp-content\/uploads\/2022\/04\/Lawrenceville_img-637x428.jpg 637w, https:\/\/fcpchealth.com\/wp-content\/uploads\/2022\/04\/Lawrenceville_img-970x651.jpg 970w, https:\/\/fcpchealth.com\/wp-content\/uploads\/2022\/04\/Lawrenceville_img-214x144.jpg 214w, https:\/\/fcpchealth.com\/wp-content\/uploads\/2022\/04\/Lawrenceville_img.jpg 980w\" sizes=\"(max-width: 645px) 100vw, 645px\" \/>\t\t\t\t\t\t\t\t\t\t\t\t\t<\/div>\n\t\t\t\t<\/div>\n\t\t\t\t<div class=\"elementor-element elementor-element-52d847c elementor-widget elementor-widget-text-editor\" data-id=\"52d847c\" data-element_type=\"widget\" data-widget_type=\"text-editor.default\">\n\t\t\t\t<div class=\"elementor-widget-container\">\n\t\t\t\t\t\t\t<h4><span style=\"font-size: 16px; font-style: normal; font-weight: 400; color: var( --e-global-color-text ); text-align: var(--text-align);\">175 Gwinnett Drive<\/span><\/h4><p>suite 213<br \/>Lawrenceville, Georgia 30046<\/p><p>Tel\u00e9fono: (770) 806-2928<br \/>Fax: (888) 412-1761<\/p><p>Lunes a Viernes<br \/>8:00 a.m. &#8211; 5:00 p.m.<\/p>\t\t\t\t\t\t<\/div>\n\t\t\t\t<\/div>\n\t\t\t\t<\/div>\n\t\t<div class=\"elementor-element elementor-element-f4fcaaf e-con-full e-flex e-con e-child\" data-id=\"f4fcaaf\" data-element_type=\"container\">\n\t\t\t\t<div class=\"elementor-element elementor-element-074f0df elementor-widget elementor-widget-heading\" data-id=\"074f0df\" data-element_type=\"widget\" data-widget_type=\"heading.default\">\n\t\t\t\t<div class=\"elementor-widget-container\">\n\t\t\t<h2 class=\"elementor-heading-title elementor-size-default\">Lawrenceville West Pike<\/h2>\t\t<\/div>\n\t\t\t\t<\/div>\n\t\t\t\t<div class=\"elementor-element elementor-element-dbb5fdf elementor-widget elementor-widget-image\" data-id=\"dbb5fdf\" data-element_type=\"widget\" data-widget_type=\"image.default\">\n\t\t\t\t<div class=\"elementor-widget-container\">\n\t\t\t\t\t\t\t\t\t\t\t\t\t<img decoding=\"async\" width=\"645\" height=\"425\" src=\"https:\/\/fcpchealth.com\/wp-content\/uploads\/2024\/07\/Screenshot-2023-04-13-at-3.57.58-PM-e1738599127896-768x506.png\" class=\"attachment-medium_large size-medium_large wp-image-1245\" alt=\"\" srcset=\"https:\/\/fcpchealth.com\/wp-content\/uploads\/2024\/07\/Screenshot-2023-04-13-at-3.57.58-PM-e1738599127896-768x506.png 768w, https:\/\/fcpchealth.com\/wp-content\/uploads\/2024\/07\/Screenshot-2023-04-13-at-3.57.58-PM-e1738599127896-300x198.png 300w, https:\/\/fcpchealth.com\/wp-content\/uploads\/2024\/07\/Screenshot-2023-04-13-at-3.57.58-PM-e1738599127896-1024x674.png 1024w, https:\/\/fcpchealth.com\/wp-content\/uploads\/2024\/07\/Screenshot-2023-04-13-at-3.57.58-PM-e1738599127896-18x12.png 18w, https:\/\/fcpchealth.com\/wp-content\/uploads\/2024\/07\/Screenshot-2023-04-13-at-3.57.58-PM-e1738599127896-637x419.png 637w, https:\/\/fcpchealth.com\/wp-content\/uploads\/2024\/07\/Screenshot-2023-04-13-at-3.57.58-PM-e1738599127896-970x639.png 970w, https:\/\/fcpchealth.com\/wp-content\/uploads\/2024\/07\/Screenshot-2023-04-13-at-3.57.58-PM-e1738599127896-214x141.png 214w, https:\/\/fcpchealth.com\/wp-content\/uploads\/2024\/07\/Screenshot-2023-04-13-at-3.57.58-PM-e1738599127896.png 1104w\" sizes=\"(max-width: 645px) 100vw, 645px\" \/>\t\t\t\t\t\t\t\t\t\t\t\t\t<\/div>\n\t\t\t\t<\/div>\n\t\t\t\t<div class=\"elementor-element elementor-element-34b890e elementor-widget elementor-widget-text-editor\" data-id=\"34b890e\" data-element_type=\"widget\" data-widget_type=\"text-editor.default\">\n\t\t\t\t<div class=\"elementor-widget-container\">\n\t\t\t\t\t\t\t<h4><span style=\"font-size: 16px; font-style: normal; font-weight: 400; color: var( --e-global-color-text ); text-align: var(--text-align);\">318 West Pike St., Suite 100<\/span><\/h4><p>Lawrenceville, GA 30046<\/p><p><br \/>Lunes a Viernes<br \/>8:00 a.m. \u2013 5:00 p.m.<\/p>\t\t\t\t\t\t<\/div>\n\t\t\t\t<\/div>\n\t\t\t\t<\/div>\n\t\t\t\t\t<\/div>\n\t\t\t\t<\/div>\n\t\t<div class=\"elementor-element elementor-element-200ddf0 e-flex e-con-boxed e-con e-parent\" data-id=\"200ddf0\" data-element_type=\"container\">\n\t\t\t\t\t<div class=\"e-con-inner\">\n\t\t<div class=\"elementor-element elementor-element-1bee007 e-con-full e-flex e-con e-child\" data-id=\"1bee007\" data-element_type=\"container\">\n\t\t\t\t<div class=\"elementor-element elementor-element-a023997 elementor-widget elementor-widget-shortcode\" data-id=\"a023997\" data-element_type=\"widget\" data-widget_type=\"shortcode.default\">\n\t\t\t\t<div class=\"elementor-widget-container\">\n\t\t\t\t\t<div class=\"elementor-shortcode\">\t\t<div data-elementor-type=\"page\" data-elementor-id=\"1443\" class=\"elementor elementor-1443\" data-elementor-post-type=\"elementor_library\">\n\t\t\t\t<div class=\"elementor-element elementor-element-a7d310e e-flex e-con-boxed e-con e-parent\" data-id=\"a7d310e\" data-element_type=\"container\">\n\t\t\t\t\t<div class=\"e-con-inner\">\n\t\t\t\t<div class=\"elementor-element elementor-element-6795089 elementor-widget elementor-widget-wp-widget-appointment_widget\" data-id=\"6795089\" data-element_type=\"widget\" data-widget_type=\"wp-widget-appointment_widget.default\">\n\t\t\t\t<div class=\"elementor-widget-container\">\n\t\t\t                   \r\n            <div class=\"appointment\">\r\n                    <div class=\"header\">\r\n                            <h2>Cont\u00e1ctanos<\/h2>\r\n                            <h3 class=\"number\">(770) 806-2928<\/h3>\r\n                            <span class=\"or\">OR<\/span>\r\n                    <\/div>\r\n                    <form action=\"https:\/\/fcpchealth.com\/wp-admin\/admin-ajax.php\" id=\"appoint-form\" method=\"post\">\r\n                            <p>\r\n                                <label class=\"display-ie8\" for=\"apo_name\">Full Name<\/label>\r\n                                <input type=\"text\" name=\"apo_name\" class=\"required\" id=\"apo_name\" placeholder=\"Full Name\" title=\"* Please enter your Full Name\" \/>\r\n                            <\/p>\r\n                            <p>\r\n                                <label class=\"display-ie8\" for=\"apo_phone\">Phone Number<\/label>\r\n                                <input type=\"text\" name=\"apo_phone\" class=\"required\" id=\"apo_phone\" placeholder=\"Phone Number\" title=\"* Please enter your Phone Number\" \/>\r\n\t\t\t\t\t\t\t<\/p>\r\n                            <p>\r\n                                <label class=\"display-ie8\" for=\"apo_email\">Email Address<\/label>\r\n                                <input  type=\"text\" name=\"apo_email\"  class=\"email required\" id=\"apo_email\" placeholder=\"Email Address\" title=\"* Please enter valid Email Address\" \/>\r\n                            <\/p>\r\n                            <p>\r\n                                <label class=\"display-ie8\" for=\"apo_date\">Appointment Date<\/label>\r\n                                <input type=\"text\" name=\"apo_date\" class=\"required\" id=\"apo_date\" placeholder=\"Appointment Date\" title=\"* Please select desired appointment date\" \/>\r\n                            <\/p>\r\n                            <p>\r\n                                <label class=\"display-ie8\" for=\"apo_date\">Message<\/label>\r\n                                <textarea name=\"message\" class=\"message required\" cols=\"30\" rows=\"5\"  maxlength=\"250\" placeholder=\"Message\" title=\"* Please enter your message\"><\/textarea>\r\n\t\t\t\t\t\t\t<\/p>\r\n\r\n                                                            <div class=\"captcha-container\">\r\n                                    <img decoding=\"async\" id=\"captch-img\" src=\"https:\/\/fcpchealth.com\/wp-content\/themes\/healthpress-theme\/captcha\/appointment_captcha.php\" alt=\"\"\/>\r\n                                    <input type=\"text\" class=\"captcha required\" name=\"captcha\" maxlength=\"5\" title=\"* Please enter the code characters displayed in image!\"\/>\r\n                                <\/div>\r\n                                \t\t\t\t\t\t\t\r\n\t\t\t\t\t\t\t<p>\t\t\t\t\t\t\t\t\t\t\t\t\t\t\t\r\n                                <input type=\"submit\" value=\"Submit Request\" id=\"apo-submit\" class=\"readmore\">\r\n                                <input type=\"hidden\" name=\"action\" value=\"request_appointment\" \/>\r\n                                <input type=\"hidden\" name=\"target\" value=\"vpa&#108;&#111;m&#105;&#110;&#111;&#64;&#102;&#99;p&#99;&#104;&#101;&#97;&#108;t&#104;&#46;org\" \/>\r\n                                <input type=\"hidden\" name=\"nonce\" value=\"e74600f1bd\"\/>\r\n                                <img decoding=\"async\" src=\"https:\/\/fcpchealth.com\/wp-content\/themes\/healthpress-theme\/images\/loading.gif\" id=\"apo-loader\" alt=\"Loader\" \/>\r\n                            <\/p>\r\n                            <p id=\"apo-message-sent\"><\/p>\r\n                            <div class=\"error-container\"><\/div>\r\n\r\n                    <\/form>\r\n            <\/div>                          \r\n            \t\t<\/div>\n\t\t\t\t<\/div>\n\t\t\t\t\t<\/div>\n\t\t\t\t<\/div>\n\t\t<div class=\"elementor-element elementor-element-5a3640b e-flex e-con-boxed e-con e-parent\" data-id=\"5a3640b\" data-element_type=\"container\">\n\t\t\t\t\t<div class=\"e-con-inner\">\n\t\t\t\t<div class=\"elementor-element elementor-element-27453cb elementor-widget elementor-widget-heading\" data-id=\"27453cb\" data-element_type=\"widget\" data-widget_type=\"heading.default\">\n\t\t\t\t<div class=\"elementor-widget-container\">\n\t\t\t<h4 class=\"elementor-heading-title elementor-size-default\">Privacy Statement:<\/h4>\t\t<\/div>\n\t\t\t\t<\/div>\n\t\t\t\t<div class=\"elementor-element elementor-element-e115779 elementor-widget elementor-widget-text-editor\" data-id=\"e115779\" data-element_type=\"widget\" data-widget_type=\"text-editor.default\">\n\t\t\t\t<div class=\"elementor-widget-container\">\n\t\t\t\t\t\t\tAl proporcionar mi n\u00famero de tel\u00e9fono a Four Corners Primary Care Centers, Inc., acepto y reconozco que Four Corners Primary Care Centers, Inc. puede enviar mensajes de texto a mi n\u00famero de tel\u00e9fono inal\u00e1mbrico para cualquier prop\u00f3sito. Es posible que se apliquen tarifas de mensajes y datos. La frecuencia de los mensajes variar\u00e1 y puede cancelar su suscripci\u00f3n respondiendo \"DETENER\". No se compartir\u00e1 ninguna informaci\u00f3n m\u00f3vil con terceros\/afiliados con fines de marketing\/promoci\u00f3n.\t\t\t\t\t\t<\/div>\n\t\t\t\t<\/div>\n\t\t\t\t\t<\/div>\n\t\t\t\t<\/div>\n\t\t\t\t<\/div>\n\t\t<\/div>\n\t\t\t\t<\/div>\n\t\t\t\t<\/div>\n\t\t\t\t<\/div>\n\t\t\t\t\t<\/div>\n\t\t\t\t<\/div>\n\t\t\t\t<\/div>","protected":false},"excerpt":{"rendered":"<p>Lawrenceville Locations Lawrenceville VPH 175 Gwinnett Drive Suite 213Lawrenceville, Georgia 30046 Phone: (770) 806-2928Fax: (888) 412-1761 Monday &#8211; Friday8:00 a.m. &#8211; 5:00 p.m. Lawrenceville West Pike 318 West Pike St., Suite 100 Lawrenceville, GA 30046 Monday \u2013 Friday8:00 a.m. \u2013 5:00 p.m.<\/p>","protected":false},"author":6,"featured_media":958,"parent":0,"menu_order":0,"comment_status":"closed","ping_status":"closed","template":"","meta":{"footnotes":""},"class_list":["post-957","page","type-page","status-publish","has-post-thumbnail","hentry"],"acf":[],"aioseo_notices":[],"_links":{"self":[{"href":"https:\/\/fcpchealth.com\/es\/wp-json\/wp\/v2\/pages\/957","targetHints":{"allow":["GET"]}}],"collection":[{"href":"https:\/\/fcpchealth.com\/es\/wp-json\/wp\/v2\/pages"}],"about":[{"href":"https:\/\/fcpchealth.com\/es\/wp-json\/wp\/v2\/types\/page"}],"author":[{"embeddable":true,"href":"https:\/\/fcpchealth.com\/es\/wp-json\/wp\/v2\/users\/6"}],"replies":[{"embeddable":true,"href":"https:\/\/fcpchealth.com\/es\/wp-json\/wp\/v2\/comments?post=957"}],"version-history":[{"count":13,"href":"https:\/\/fcpchealth.com\/es\/wp-json\/wp\/v2\/pages\/957\/revisions"}],"predecessor-version":[{"id":2084,"href":"https:\/\/fcpchealth.com\/es\/wp-json\/wp\/v2\/pages\/957\/revisions\/2084"}],"wp:featuredmedia":[{"embeddable":true,"href":"https:\/\/fcpchealth.com\/es\/wp-json\/wp\/v2\/media\/958"}],"wp:attachment":[{"href":"https:\/\/fcpchealth.com\/es\/wp-json\/wp\/v2\/media?parent=957"}],"curies":[{"name":"wp","href":"https:\/\/api.w.org\/{rel}","templated":true}]}}