{"id":961,"date":"2022-04-13T00:55:45","date_gmt":"2022-04-13T04:55:45","guid":{"rendered":"https:\/\/fcpchealth.com\/?page_id=961"},"modified":"2025-02-03T11:38:02","modified_gmt":"2025-02-03T16:38:02","slug":"hoschton-location","status":"publish","type":"page","link":"https:\/\/fcpchealth.com\/es\/hoschton-location\/","title":{"rendered":"Hoschton Location"},"content":{"rendered":"<div data-elementor-type=\"wp-page\" data-elementor-id=\"961\" class=\"elementor elementor-961\" data-elementor-post-type=\"page\">\n\t\t\t\t<div class=\"elementor-element elementor-element-c6926cf e-flex e-con-boxed e-con e-parent\" data-id=\"c6926cf\" data-element_type=\"container\">\n\t\t\t\t\t<div class=\"e-con-inner\">\n\t\t\t\t<div class=\"elementor-element elementor-element-e66cbf5 elementor-widget elementor-widget-heading\" data-id=\"e66cbf5\" data-element_type=\"widget\" data-widget_type=\"heading.default\">\n\t\t\t\t<div class=\"elementor-widget-container\">\n\t\t\t<h2 class=\"elementor-heading-title elementor-size-default\">Hoschton<\/h2>\t\t<\/div>\n\t\t\t\t<\/div>\n\t\t\t\t\t<\/div>\n\t\t\t\t<\/div>\n\t\t<div class=\"elementor-element elementor-element-c6efe73 e-flex e-con-boxed e-con e-parent\" data-id=\"c6efe73\" data-element_type=\"container\">\n\t\t\t\t\t<div class=\"e-con-inner\">\n\t\t<div class=\"elementor-element elementor-element-c32cdea e-con-full e-flex e-con e-child\" data-id=\"c32cdea\" data-element_type=\"container\">\n\t\t\t\t<div class=\"elementor-element elementor-element-0a42923 elementor-widget elementor-widget-image\" data-id=\"0a42923\" data-element_type=\"widget\" data-widget_type=\"image.default\">\n\t\t\t\t<div class=\"elementor-widget-container\">\n\t\t\t\t\t\t\t\t\t\t\t\t\t<img fetchpriority=\"high\" decoding=\"async\" width=\"645\" height=\"344\" src=\"https:\/\/fcpchealth.com\/wp-content\/uploads\/2022\/04\/Hoschton_d-768x410.jpeg\" class=\"attachment-medium_large size-medium_large wp-image-962\" alt=\"\" srcset=\"https:\/\/fcpchealth.com\/wp-content\/uploads\/2022\/04\/Hoschton_d-768x410.jpeg 768w, https:\/\/fcpchealth.com\/wp-content\/uploads\/2022\/04\/Hoschton_d-300x160.jpeg 300w, https:\/\/fcpchealth.com\/wp-content\/uploads\/2022\/04\/Hoschton_d-1024x546.jpeg 1024w, https:\/\/fcpchealth.com\/wp-content\/uploads\/2022\/04\/Hoschton_d-1536x819.jpeg 1536w, https:\/\/fcpchealth.com\/wp-content\/uploads\/2022\/04\/Hoschton_d-2048x1092.jpeg 2048w, https:\/\/fcpchealth.com\/wp-content\/uploads\/2022\/04\/Hoschton_d-637x340.jpeg 637w, https:\/\/fcpchealth.com\/wp-content\/uploads\/2022\/04\/Hoschton_d-298x160.jpeg 298w, https:\/\/fcpchealth.com\/wp-content\/uploads\/2022\/04\/Hoschton_d-970x517.jpeg 970w, https:\/\/fcpchealth.com\/wp-content\/uploads\/2022\/04\/Hoschton_d-214x114.jpeg 214w\" sizes=\"(max-width: 645px) 100vw, 645px\" \/>\t\t\t\t\t\t\t\t\t\t\t\t\t<\/div>\n\t\t\t\t<\/div>\n\t\t\t\t<div class=\"elementor-element elementor-element-803ffb2 elementor-widget__width-initial elementor-widget elementor-widget-text-editor\" data-id=\"803ffb2\" data-element_type=\"widget\" data-widget_type=\"text-editor.default\">\n\t\t\t\t<div class=\"elementor-widget-container\">\n\t\t\t\t\t\t\t<p>115 Towne Center Parkway<br \/>suite 113<br \/>Hoschton, Georgia 30548<\/p><p>Tel\u00e9fono: (770) 806-2928 \/ (706) 684-0643<br \/>Fax: (888) 412-1761<\/p><p>Lunes Viernes<br \/>8:00 a.m. &#8211; 5:00 p.m.<\/p>\t\t\t\t\t\t<\/div>\n\t\t\t\t<\/div>\n\t\t\t\t<\/div>\n\t\t<div class=\"elementor-element elementor-element-780678f e-con-full e-flex e-con e-child\" data-id=\"780678f\" data-element_type=\"container\">\n\t\t<div class=\"elementor-element elementor-element-150516e e-con-full e-flex e-con e-child\" data-id=\"150516e\" data-element_type=\"container\">\n\t\t\t\t<div class=\"elementor-element elementor-element-5e7d4ba elementor-widget elementor-widget-shortcode\" data-id=\"5e7d4ba\" data-element_type=\"widget\" data-widget_type=\"shortcode.default\">\n\t\t\t\t<div class=\"elementor-widget-container\">\n\t\t\t\t\t<div class=\"elementor-shortcode\">\t\t<div data-elementor-type=\"page\" data-elementor-id=\"1443\" class=\"elementor elementor-1443\" data-elementor-post-type=\"elementor_library\">\n\t\t\t\t<div class=\"elementor-element elementor-element-a7d310e e-flex e-con-boxed e-con e-parent\" data-id=\"a7d310e\" data-element_type=\"container\">\n\t\t\t\t\t<div class=\"e-con-inner\">\n\t\t\t\t<div class=\"elementor-element elementor-element-6795089 elementor-widget elementor-widget-wp-widget-appointment_widget\" data-id=\"6795089\" data-element_type=\"widget\" data-widget_type=\"wp-widget-appointment_widget.default\">\n\t\t\t\t<div class=\"elementor-widget-container\">\n\t\t\t                   \r\n            <div class=\"appointment\">\r\n                    <div class=\"header\">\r\n                            <h2>Cont\u00e1ctanos<\/h2>\r\n                            <h3 class=\"number\">(770) 806-2928<\/h3>\r\n                            <span class=\"or\">OR<\/span>\r\n                    <\/div>\r\n                    <form action=\"https:\/\/fcpchealth.com\/wp-admin\/admin-ajax.php\" id=\"appoint-form\" method=\"post\">\r\n                            <p>\r\n                                <label class=\"display-ie8\" for=\"apo_name\">Full Name<\/label>\r\n                                <input type=\"text\" name=\"apo_name\" class=\"required\" id=\"apo_name\" placeholder=\"Full Name\" title=\"* Please enter your Full Name\" \/>\r\n                            <\/p>\r\n                            <p>\r\n                                <label class=\"display-ie8\" for=\"apo_phone\">Phone Number<\/label>\r\n                                <input type=\"text\" name=\"apo_phone\" class=\"required\" id=\"apo_phone\" placeholder=\"Phone Number\" title=\"* Please enter your Phone Number\" \/>\r\n\t\t\t\t\t\t\t<\/p>\r\n                            <p>\r\n                                <label class=\"display-ie8\" for=\"apo_email\">Email Address<\/label>\r\n                                <input  type=\"text\" name=\"apo_email\"  class=\"email required\" id=\"apo_email\" placeholder=\"Email Address\" title=\"* Please enter valid Email Address\" \/>\r\n                            <\/p>\r\n                            <p>\r\n                                <label class=\"display-ie8\" for=\"apo_date\">Appointment Date<\/label>\r\n                                <input type=\"text\" name=\"apo_date\" class=\"required\" id=\"apo_date\" placeholder=\"Appointment Date\" title=\"* Please select desired appointment date\" \/>\r\n                            <\/p>\r\n                            <p>\r\n                                <label class=\"display-ie8\" for=\"apo_date\">Message<\/label>\r\n                                <textarea name=\"message\" class=\"message required\" cols=\"30\" rows=\"5\"  maxlength=\"250\" placeholder=\"Message\" title=\"* Please enter your message\"><\/textarea>\r\n\t\t\t\t\t\t\t<\/p>\r\n\r\n                                                            <div class=\"captcha-container\">\r\n                                    <img decoding=\"async\" id=\"captch-img\" src=\"https:\/\/fcpchealth.com\/wp-content\/themes\/healthpress-theme\/captcha\/appointment_captcha.php\" alt=\"\"\/>\r\n                                    <input type=\"text\" class=\"captcha required\" name=\"captcha\" maxlength=\"5\" title=\"* Please enter the code characters displayed in image!\"\/>\r\n                                <\/div>\r\n                                \t\t\t\t\t\t\t\r\n\t\t\t\t\t\t\t<p>\t\t\t\t\t\t\t\t\t\t\t\t\t\t\t\r\n                                <input type=\"submit\" value=\"Submit Request\" id=\"apo-submit\" class=\"readmore\">\r\n                                <input type=\"hidden\" name=\"action\" value=\"request_appointment\" \/>\r\n                                <input type=\"hidden\" name=\"target\" value=\"vpa&#108;&#111;m&#105;no&#64;&#102;&#99;pchea&#108;&#116;&#104;.&#111;r&#103;\" \/>\r\n                                <input type=\"hidden\" name=\"nonce\" value=\"e74600f1bd\"\/>\r\n                                <img decoding=\"async\" src=\"https:\/\/fcpchealth.com\/wp-content\/themes\/healthpress-theme\/images\/loading.gif\" id=\"apo-loader\" alt=\"Loader\" \/>\r\n                            <\/p>\r\n                            <p id=\"apo-message-sent\"><\/p>\r\n                            <div class=\"error-container\"><\/div>\r\n\r\n                    <\/form>\r\n            <\/div>                          \r\n            \t\t<\/div>\n\t\t\t\t<\/div>\n\t\t\t\t\t<\/div>\n\t\t\t\t<\/div>\n\t\t<div class=\"elementor-element elementor-element-5a3640b e-flex e-con-boxed e-con e-parent\" data-id=\"5a3640b\" data-element_type=\"container\">\n\t\t\t\t\t<div class=\"e-con-inner\">\n\t\t\t\t<div class=\"elementor-element elementor-element-27453cb elementor-widget elementor-widget-heading\" data-id=\"27453cb\" data-element_type=\"widget\" data-widget_type=\"heading.default\">\n\t\t\t\t<div class=\"elementor-widget-container\">\n\t\t\t<h4 class=\"elementor-heading-title elementor-size-default\">Privacy Statement:<\/h4>\t\t<\/div>\n\t\t\t\t<\/div>\n\t\t\t\t<div class=\"elementor-element elementor-element-e115779 elementor-widget elementor-widget-text-editor\" data-id=\"e115779\" data-element_type=\"widget\" data-widget_type=\"text-editor.default\">\n\t\t\t\t<div class=\"elementor-widget-container\">\n\t\t\t\t\t\t\tAl proporcionar mi n\u00famero de tel\u00e9fono a Four Corners Primary Care Centers, Inc., acepto y reconozco que Four Corners Primary Care Centers, Inc. puede enviar mensajes de texto a mi n\u00famero de tel\u00e9fono inal\u00e1mbrico para cualquier prop\u00f3sito. Es posible que se apliquen tarifas de mensajes y datos. La frecuencia de los mensajes variar\u00e1 y puede cancelar su suscripci\u00f3n respondiendo \"DETENER\". No se compartir\u00e1 ninguna informaci\u00f3n m\u00f3vil con terceros\/afiliados con fines de marketing\/promoci\u00f3n.\t\t\t\t\t\t<\/div>\n\t\t\t\t<\/div>\n\t\t\t\t\t<\/div>\n\t\t\t\t<\/div>\n\t\t\t\t<\/div>\n\t\t<\/div>\n\t\t\t\t<\/div>\n\t\t\t\t<\/div>\n\t\t\t\t<\/div>\n\t\t\t\t<\/div>\n\t\t\t\t\t<\/div>\n\t\t\t\t<\/div>\n\t\t\t\t<\/div>","protected":false},"excerpt":{"rendered":"<p>Hoschton 115 Towne Center ParkwaySuite 113Hoschton , GA 30548 Phone: (770) 806-2928 \/ (706) 684-0643Fax: (888) 412-1761 Monday-Friday8:00 a.m. &#8211; 5:00 p.m.<\/p>","protected":false},"author":6,"featured_media":962,"parent":0,"menu_order":0,"comment_status":"closed","ping_status":"closed","template":"","meta":{"footnotes":""},"class_list":["post-961","page","type-page","status-publish","has-post-thumbnail","hentry"],"acf":[],"aioseo_notices":[],"_links":{"self":[{"href":"https:\/\/fcpchealth.com\/es\/wp-json\/wp\/v2\/pages\/961","targetHints":{"allow":["GET"]}}],"collection":[{"href":"https:\/\/fcpchealth.com\/es\/wp-json\/wp\/v2\/pages"}],"about":[{"href":"https:\/\/fcpchealth.com\/es\/wp-json\/wp\/v2\/types\/page"}],"author":[{"embeddable":true,"href":"https:\/\/fcpchealth.com\/es\/wp-json\/wp\/v2\/users\/6"}],"replies":[{"embeddable":true,"href":"https:\/\/fcpchealth.com\/es\/wp-json\/wp\/v2\/comments?post=961"}],"version-history":[{"count":13,"href":"https:\/\/fcpchealth.com\/es\/wp-json\/wp\/v2\/pages\/961\/revisions"}],"predecessor-version":[{"id":2090,"href":"https:\/\/fcpchealth.com\/es\/wp-json\/wp\/v2\/pages\/961\/revisions\/2090"}],"wp:featuredmedia":[{"embeddable":true,"href":"https:\/\/fcpchealth.com\/es\/wp-json\/wp\/v2\/media\/962"}],"wp:attachment":[{"href":"https:\/\/fcpchealth.com\/es\/wp-json\/wp\/v2\/media?parent=961"}],"curies":[{"name":"wp","href":"https:\/\/api.w.org\/{rel}","templated":true}]}}